{"id":106,"date":"2017-11-16T11:31:48","date_gmt":"2017-11-16T10:31:48","guid":{"rendered":"http:\/\/deherbergrenesse.nl\/?page_id=106"},"modified":"2026-03-10T16:44:38","modified_gmt":"2026-03-10T15:44:38","slug":"de-herberg-renesse","status":"publish","type":"page","link":"https:\/\/deherbergrenesse.nl\/de\/de-herberg-renesse\/","title":{"rendered":"De Herberg"},"content":{"rendered":"<p><strong><a  href=\"http:\/\/deherbergrenesse.nl\/wp-content\/uploads\/2017\/12\/800-markt-renesse.jpg\" data-rel=\"lightbox-gallery-0\" data-rl_title=\"\" data-rl_caption=\"\" title=\"\"><img loading=\"lazy\" decoding=\"async\" class=\"size-medium wp-image-324 alignright\" src=\"http:\/\/deherbergrenesse.nl\/wp-content\/uploads\/2017\/12\/800-markt-renesse-300x200.jpg\" alt=\"\" width=\"300\" height=\"200\" srcset=\"https:\/\/deherbergrenesse.nl\/wp-content\/uploads\/2017\/12\/800-markt-renesse-300x200.jpg 300w, https:\/\/deherbergrenesse.nl\/wp-content\/uploads\/2017\/12\/800-markt-renesse-768x513.jpg 768w, https:\/\/deherbergrenesse.nl\/wp-content\/uploads\/2017\/12\/800-markt-renesse.jpg 800w\" sizes=\"auto, (max-width: 300px) 100vw, 300px\" \/><\/a>Historie<\/strong><br \/>\nHotel De Herberg ist in dem malerischen Badeort Renesse errichtet.<br \/>\nRenesse ist urspr\u00fcnglich ein Ringdorf (das hei\u00dft rund um die Kirche ist das Dorf entstanden) aus dem fr\u00fchen Jahr 1200. Pension De Herberg wurde 1785 errichtet und liegt im Dorfs Ring gegen\u00fcber der Jacobs Kirche. Urspr\u00fcnglich ist De Herberg als Herrenhaus gebaut worden. Sehr schnell wurde das Historische Herrenhaus zu einer Arztpraxis umgebaut, die bis zur Sturmflutkatastrophe in 1953 in Gebrauch war.<br \/>\nIn der Zeit der Katastrophe bot das Herrenhaus Unterkunft an viele Familien.<br \/>\nMit dem Vermieten der Zimmer ist so eine lukrative Pension entstanden.<\/p>\n<p><strong>Das hotel<\/strong><br \/>\nDie Lage des monumentalen Hotels geben De Herberg eine besondere Ausstrahlung.<br \/>\n<a  href=\"http:\/\/deherbergrenesse.nl\/wp-content\/uploads\/2018\/02\/Herberg-foto-pand.jpg\" data-rel=\"lightbox-gallery-0\" data-rl_title=\"\" data-rl_caption=\"\" title=\"\"><img loading=\"lazy\" decoding=\"async\" class=\"size-medium wp-image-373 alignright\" src=\"http:\/\/deherbergrenesse.nl\/wp-content\/uploads\/2018\/02\/Herberg-foto-pand-300x200.jpg\" alt=\"\" width=\"300\" height=\"200\" srcset=\"https:\/\/deherbergrenesse.nl\/wp-content\/uploads\/2018\/02\/Herberg-foto-pand-300x200.jpg 300w, https:\/\/deherbergrenesse.nl\/wp-content\/uploads\/2018\/02\/Herberg-foto-pand.jpg 599w\" sizes=\"auto, (max-width: 300px) 100vw, 300px\" \/><\/a>De Herberg hat sechs Hotelzimmer: f\u00fcnf Doppelzimmer und ein Familienzimmer. In 2009 ist das Hotel modernisiert mit Erhaltung aller authentischen Elemente wie z.B. die Deckenbalken und den Granitfu\u00dfboden.<br \/>\nIn 2019 kamen noch drei neue Appartements f\u00fcr zwei bis vier Personen hinzu.<br \/>\nDiese Appartements sind ausgestattet nach den letzten trendy Wohneinrichtungen und haben doch ihre gem\u00fctliche Ausstrahlung nicht verloren.<br \/>\nIm ganzen Hotel ist Rauchverbot.<\/p>\n<p><strong>Fr\u00fchst\u00fcck<br \/>\n<\/strong>Der Aufenthalt in den Hotelzimmern ist mit \u00dcbernachtung und Fr\u00fchst\u00fcck inklusive. Wenn Sie in den Apartments \u00fcbernachten, ist das Fr\u00fchst\u00fcck optional. Lodge-G\u00e4ste aus De Herberg k\u00f6nnen zwischen 8.00 und 10.30 Uhr (am Wochenende zwischen 8.30 und 11.00 Uhr) im sogenannten &#8222;upstairs room&#8220; aus der Herenboerderij-Zeit am Tisch sitzen. Dies ist ein gem\u00fctlicher Fr\u00fchst\u00fccksraum mit Blick \u00fcber das Dorf.<br \/>\n<img loading=\"lazy\" decoding=\"async\" class=\"wp-image-168 size-medium alignright\" src=\"https:\/\/deherbergrenesse.nl\/wp-content\/uploads\/2017\/11\/terras6-300x225.png\" alt=\"\" width=\"300\" height=\"225\" srcset=\"https:\/\/deherbergrenesse.nl\/wp-content\/uploads\/2017\/11\/terras6-300x225.png 300w, https:\/\/deherbergrenesse.nl\/wp-content\/uploads\/2017\/11\/terras6.png 558w\" sizes=\"auto, (max-width: 300px) 100vw, 300px\" \/>Das Fr\u00fchst\u00fccksbuffet wird in der feinen Wohnk\u00fcche der Gastgeberin zubereitet und Sie k\u00f6nnen Ihren Teller nach Belieben mit verschiedenen ofenfrischen, luxuri\u00f6sen Sandwiches und einer Auswahl an Fleisch, K\u00e4se und anderen herzhaften oder s\u00fc\u00dfen Aufstrichen f\u00fcllen. Oder w\u00e4hlen Sie aus verschiedenen leckeren Fr\u00fchst\u00fccksflocken voller N\u00fcsse, Samen und<br \/>\nGew\u00fcrze. Frische Eier, Obst und verschiedene Superfoods wurden ebenfalls in Betracht gezogen. Haben Sie eine Allergie, Unvertr\u00e4glichkeit oder einen besonderen Wunsch? Lassen Sie es uns wissen, wir helfen Ihnen gerne weiter!<\/p>\n<p><strong>Terrasse<\/strong><br \/>\nDas Hotel De Herberg verf\u00fcgt \u00fcber eine ger\u00e4umige, sonnige Terrasse auf der R\u00fcckseite, die f\u00fcr alle G\u00e4ste zug\u00e4nglich ist. Hier k\u00f6nnen Sie selbst etwas essen oder trinken, die Ruhe genie\u00dfen, ein gutes Buch lesen oder andere G\u00e4ste treffen.<br \/>\nEine gem\u00fctliche Terrasse befindet sich ebenfalls an der Vorderseite, direkt an der Ringstra\u00dfe von Renesse. Diese Terrasse ist f\u00fcr jedermann zug\u00e4nglich und ideal, um in der Morgensonne eine k\u00f6stliche Tasse Kaffee zu genie\u00dfen. Beobachten Sie, wie Renesse in gem\u00fctlicher, franz\u00f6sischer Atmosph\u00e4re im De Herberg von Ihrem Sessel aufwacht.<br \/>\n<strong><a  href=\"http:\/\/deherbergrenesse.nl\/wp-content\/uploads\/2017\/12\/800-Renesse-winkels.jpg\" data-rel=\"lightbox-gallery-0\" data-rl_title=\"\" data-rl_caption=\"\" title=\"\"><img loading=\"lazy\" decoding=\"async\" class=\"size-medium wp-image-311 alignright\" src=\"http:\/\/deherbergrenesse.nl\/wp-content\/uploads\/2017\/12\/800-Renesse-winkels-300x225.jpg\" alt=\"\" width=\"300\" height=\"225\" srcset=\"https:\/\/deherbergrenesse.nl\/wp-content\/uploads\/2017\/12\/800-Renesse-winkels-300x225.jpg 300w, https:\/\/deherbergrenesse.nl\/wp-content\/uploads\/2017\/12\/800-Renesse-winkels.jpg 400w\" sizes=\"auto, (max-width: 300px) 100vw, 300px\" \/><\/a><\/strong><br \/>\n<strong>Parken<\/strong><br \/>\nAn der R\u00fcckseite vom Hotel haben Sie die M\u00f6glichkeit Ihr Fahrrad oder Motorrad zu parken. Unter anderem sind mehrere Ladestationen f\u00fcr E-Bikes vorhanden.<br \/>\nAuf 200 Meter Abstand vom Hotel befindet sich das beleuchtete Transferium, wo sie in den Sommermonaten Ihr Auto kostenlos parken k\u00f6nnen..<\/p>\n<p><strong>Direkte Umgebung<\/strong><br \/>\nDe Herberg befindet sich mitten im Zentrum von Renesse. Umgeben von Gesch\u00e4ften, Caf\u00e9s und Restaurants, die sie bequem zu Fu\u00df erreichen.<br \/>\nAuch der Supermarkt (100 m) und der Strand (800 m) sind in direkter N\u00e4he.<br \/>\nRenesse ist das perfekte Reiseziel f\u00fcr die ganze Familie. Neben Renesse besteht die M\u00f6glichkeit innerhalb von 20 km noch viele charakteristische D\u00f6rfer und kleine St\u00e4dte zu besuchen.<br \/>\nEmpfehlenswert ist ein Besuch in unserem Fichtenwald in Westerschouwen und den D\u00fcnen, wie auch ein Tagestrip nach den Deltawerken \u201eNeeltje Jans\u201c. Besuchen Sie auch unsere historische Hauptstadt Middelburg.<br \/>\nSind Sie ein Pferdeliebhaber\/eine Pferdeliebhaberin?<br \/>\nEin paar Minuten von uns entfernt befindet sich Reitstall Manege Grol. Hier haben Sie die M\u00f6glichkeit zu komplett versorgten Strand-und Wald Ausfl\u00fcgen. Sie haben auch die M\u00f6glichkeit Ihr eigenes Pferd mit zu bringen. F\u00fcr mehr Information: <span style=\"color: #000080;\"><a style=\"color: #000080;\" href=\"http:\/\/www.manegegrol.nl\" target=\"_blank\" rel=\"noopener noreferrer\">www.manegegrol.nl<\/a><\/span><\/p>\n","protected":false},"excerpt":{"rendered":"<p>Historie Hotel De Herberg ist in dem malerischen Badeort Renesse errichtet. Renesse ist urspr\u00fcnglich ein Ringdorf (das hei\u00dft rund um die Kirche ist das Dorf entstanden) aus dem fr\u00fchen Jahr 1200. Pension De Herberg wurde 1785 errichtet und liegt im Dorfs Ring gegen\u00fcber der Jacobs Kirche. Urspr\u00fcnglich ist De Herberg als Herrenhaus gebaut worden. Sehr schnell wurde das Historische Herrenhaus zu einer Arztpraxis umgebaut, die bis zur Sturmflutkatastrophe in 1953 in Gebrauch war. In der Zeit der Katastrophe bot das Herrenhaus Unterkunft an viele Familien. Mit dem Vermieten der Zimmer ist so eine lukrative Pension entstanden. Das hotel Die Lage&#8230; <\/p>\n","protected":false},"author":1,"featured_media":524,"parent":0,"menu_order":0,"comment_status":"closed","ping_status":"closed","template":"","meta":{"footnotes":""},"class_list":["post-106","page","type-page","status-publish","has-post-thumbnail","hentry"],"translation":{"provider":"WPGlobus","version":"3.0.2","language":"de","enabled_languages":["nl","en","de"],"languages":{"nl":{"title":true,"content":true,"excerpt":false},"en":{"title":true,"content":true,"excerpt":false},"de":{"title":true,"content":true,"excerpt":false}}},"yoast_head":"<!-- This site is optimized with the Yoast SEO plugin v27.5 - https:\/\/yoast.com\/product\/yoast-seo-wordpress\/ -->\n<title>De Herberg - De Herberg Renesse<\/title>\n<meta name=\"description\" content=\"De Herberg Renesse, pension, hotel, familiekamers, appartementen, bed &amp; breakfast, zeeland, strand, terras, ontbijt, schouwen-duiveland\" \/>\n<meta name=\"robots\" content=\"index, follow, max-snippet:-1, max-image-preview:large, max-video-preview:-1\" \/>\n<link rel=\"canonical\" href=\"https:\/\/deherbergrenesse.nl\/de-herberg-renesse\/\" \/>\n<meta property=\"og:locale\" content=\"de_DE\" \/>\n<meta property=\"og:type\" content=\"article\" \/>\n<meta property=\"og:title\" content=\"De Herberg - De Herberg Renesse\" \/>\n<meta property=\"og:description\" content=\"De Herberg Renesse, pension, hotel, familiekamers, appartementen, bed &amp; breakfast, zeeland, strand, terras, ontbijt, schouwen-duiveland\" \/>\n<meta property=\"og:url\" content=\"https:\/\/deherbergrenesse.nl\/de-herberg-renesse\/\" \/>\n<meta property=\"og:site_name\" content=\"De Herberg Renesse\" \/>\n<meta property=\"article:modified_time\" content=\"2026-03-10T15:44:38+00:00\" \/>\n<meta property=\"og:image\" content=\"https:\/\/deherbergrenesse.nl\/wp-content\/uploads\/2018\/05\/De-Herberg-foto-pand.jpg\" \/>\n\t<meta property=\"og:image:width\" content=\"1400\" \/>\n\t<meta property=\"og:image:height\" content=\"310\" \/>\n\t<meta property=\"og:image:type\" content=\"image\/jpeg\" \/>\n<meta name=\"twitter:card\" content=\"summary_large_image\" \/>\n<meta name=\"twitter:label1\" content=\"Gesch\u00e4tzte Lesezeit\" \/>\n\t<meta name=\"twitter:data1\" content=\"5\u00a0Minuten\" \/>\n<script type=\"application\/ld+json\" class=\"yoast-schema-graph\">{\"@context\":\"https:\\\/\\\/schema.org\",\"@graph\":[{\"@type\":\"WebPage\",\"@id\":\"https:\\\/\\\/deherbergrenesse.nl\\\/de-herberg-renesse\\\/\",\"url\":\"https:\\\/\\\/deherbergrenesse.nl\\\/de-herberg-renesse\\\/\",\"name\":\"De Herberg - De Herberg Renesse\",\"isPartOf\":{\"@id\":\"https:\\\/\\\/deherbergrenesse.nl\\\/#website\"},\"primaryImageOfPage\":{\"@id\":\"https:\\\/\\\/deherbergrenesse.nl\\\/de-herberg-renesse\\\/#primaryimage\"},\"image\":{\"@id\":\"https:\\\/\\\/deherbergrenesse.nl\\\/de-herberg-renesse\\\/#primaryimage\"},\"thumbnailUrl\":\"https:\\\/\\\/deherbergrenesse.nl\\\/wp-content\\\/uploads\\\/2018\\\/05\\\/De-Herberg-foto-pand.jpg\",\"datePublished\":\"2017-11-16T10:31:48+00:00\",\"dateModified\":\"2026-03-10T15:44:38+00:00\",\"description\":\"De Herberg Renesse is een pension \\\/ bed & breakfast \\\/ hotel met familiekamers, hotelkamers en appartementen in het centrum van Renesse op Schouwen-Duiveland, Zeeland{:en}De Herberg Renesse, pension, hotel, familiekamers, appartementen, bed & breakfast, zeeland, strand, terras, ontbijt, schouwen-duiveland{:de}De Herberg Renesse, pension, hotel, familiekamers, appartementen, bed & breakfast, zeeland, strand, terras, ontbijt, schouwen-duiveland\",\"breadcrumb\":{\"@id\":\"https:\\\/\\\/deherbergrenesse.nl\\\/de-herberg-renesse\\\/#breadcrumb\"},\"inLanguage\":\"de\",\"potentialAction\":[{\"@type\":\"ReadAction\",\"target\":[\"https:\\\/\\\/deherbergrenesse.nl\\\/de-herberg-renesse\\\/\"]}]},{\"@type\":\"ImageObject\",\"inLanguage\":\"de\",\"@id\":\"https:\\\/\\\/deherbergrenesse.nl\\\/de-herberg-renesse\\\/#primaryimage\",\"url\":\"https:\\\/\\\/deherbergrenesse.nl\\\/wp-content\\\/uploads\\\/2018\\\/05\\\/De-Herberg-foto-pand.jpg\",\"contentUrl\":\"https:\\\/\\\/deherbergrenesse.nl\\\/wp-content\\\/uploads\\\/2018\\\/05\\\/De-Herberg-foto-pand.jpg\",\"width\":1400,\"height\":310},{\"@type\":\"BreadcrumbList\",\"@id\":\"https:\\\/\\\/deherbergrenesse.nl\\\/de-herberg-renesse\\\/#breadcrumb\",\"itemListElement\":[{\"@type\":\"ListItem\",\"position\":1,\"name\":\"Home\",\"item\":\"https:\\\/\\\/deherbergrenesse.nl\\\/\"},{\"@type\":\"ListItem\",\"position\":2,\"name\":\"De Herberg Renesse\"}]},{\"@type\":\"WebSite\",\"@id\":\"https:\\\/\\\/deherbergrenesse.nl\\\/#website\",\"url\":\"https:\\\/\\\/deherbergrenesse.nl\\\/\",\"name\":\"De Herberg Renesse\",\"description\":\"\",\"potentialAction\":[{\"@type\":\"SearchAction\",\"target\":{\"@type\":\"EntryPoint\",\"urlTemplate\":\"https:\\\/\\\/deherbergrenesse.nl\\\/?s={search_term_string}\"},\"query-input\":{\"@type\":\"PropertyValueSpecification\",\"valueRequired\":true,\"valueName\":\"search_term_string\"}}],\"inLanguage\":\"de\"}]}<\/script>\n<!-- \/ Yoast SEO plugin. -->","yoast_head_json":{"title":"De Herberg - De Herberg Renesse","description":"De Herberg Renesse, pension, hotel, familiekamers, appartementen, bed & breakfast, zeeland, strand, terras, ontbijt, schouwen-duiveland","robots":{"index":"index","follow":"follow","max-snippet":"max-snippet:-1","max-image-preview":"max-image-preview:large","max-video-preview":"max-video-preview:-1"},"canonical":"https:\/\/deherbergrenesse.nl\/de-herberg-renesse\/","og_locale":"de_DE","og_type":"article","og_title":"De Herberg - De Herberg Renesse","og_description":"De Herberg Renesse, pension, hotel, familiekamers, appartementen, bed & breakfast, zeeland, strand, terras, ontbijt, schouwen-duiveland","og_url":"https:\/\/deherbergrenesse.nl\/de-herberg-renesse\/","og_site_name":"De Herberg Renesse","article_modified_time":"2026-03-10T15:44:38+00:00","og_image":[{"width":1400,"height":310,"url":"https:\/\/deherbergrenesse.nl\/wp-content\/uploads\/2018\/05\/De-Herberg-foto-pand.jpg","type":"image\/jpeg"}],"twitter_card":"summary_large_image","twitter_misc":{"Gesch\u00e4tzte Lesezeit":"5\u00a0Minuten"},"schema":{"@context":"https:\/\/schema.org","@graph":[{"@type":"WebPage","@id":"https:\/\/deherbergrenesse.nl\/de-herberg-renesse\/","url":"https:\/\/deherbergrenesse.nl\/de-herberg-renesse\/","name":"De Herberg - De Herberg Renesse","isPartOf":{"@id":"https:\/\/deherbergrenesse.nl\/#website"},"primaryImageOfPage":{"@id":"https:\/\/deherbergrenesse.nl\/de-herberg-renesse\/#primaryimage"},"image":{"@id":"https:\/\/deherbergrenesse.nl\/de-herberg-renesse\/#primaryimage"},"thumbnailUrl":"https:\/\/deherbergrenesse.nl\/wp-content\/uploads\/2018\/05\/De-Herberg-foto-pand.jpg","datePublished":"2017-11-16T10:31:48+00:00","dateModified":"2026-03-10T15:44:38+00:00","description":"De Herberg Renesse is een pension \/ bed & breakfast \/ hotel met familiekamers, hotelkamers en appartementen in het centrum van Renesse op Schouwen-Duiveland, Zeeland{:en}De Herberg Renesse, pension, hotel, familiekamers, appartementen, bed & breakfast, zeeland, strand, terras, ontbijt, schouwen-duiveland{:de}De Herberg Renesse, pension, hotel, familiekamers, appartementen, bed & breakfast, zeeland, strand, terras, ontbijt, schouwen-duiveland","breadcrumb":{"@id":"https:\/\/deherbergrenesse.nl\/de-herberg-renesse\/#breadcrumb"},"inLanguage":"de","potentialAction":[{"@type":"ReadAction","target":["https:\/\/deherbergrenesse.nl\/de-herberg-renesse\/"]}]},{"@type":"ImageObject","inLanguage":"de","@id":"https:\/\/deherbergrenesse.nl\/de-herberg-renesse\/#primaryimage","url":"https:\/\/deherbergrenesse.nl\/wp-content\/uploads\/2018\/05\/De-Herberg-foto-pand.jpg","contentUrl":"https:\/\/deherbergrenesse.nl\/wp-content\/uploads\/2018\/05\/De-Herberg-foto-pand.jpg","width":1400,"height":310},{"@type":"BreadcrumbList","@id":"https:\/\/deherbergrenesse.nl\/de-herberg-renesse\/#breadcrumb","itemListElement":[{"@type":"ListItem","position":1,"name":"Home","item":"https:\/\/deherbergrenesse.nl\/"},{"@type":"ListItem","position":2,"name":"De Herberg Renesse"}]},{"@type":"WebSite","@id":"https:\/\/deherbergrenesse.nl\/#website","url":"https:\/\/deherbergrenesse.nl\/","name":"De Herberg Renesse","description":"","potentialAction":[{"@type":"SearchAction","target":{"@type":"EntryPoint","urlTemplate":"https:\/\/deherbergrenesse.nl\/?s={search_term_string}"},"query-input":{"@type":"PropertyValueSpecification","valueRequired":true,"valueName":"search_term_string"}}],"inLanguage":"de"}]}},"_links":{"self":[{"href":"https:\/\/deherbergrenesse.nl\/de\/wp-json\/wp\/v2\/pages\/106","targetHints":{"allow":["GET"]}}],"collection":[{"href":"https:\/\/deherbergrenesse.nl\/de\/wp-json\/wp\/v2\/pages"}],"about":[{"href":"https:\/\/deherbergrenesse.nl\/de\/wp-json\/wp\/v2\/types\/page"}],"author":[{"embeddable":true,"href":"https:\/\/deherbergrenesse.nl\/de\/wp-json\/wp\/v2\/users\/1"}],"replies":[{"embeddable":true,"href":"https:\/\/deherbergrenesse.nl\/de\/wp-json\/wp\/v2\/comments?post=106"}],"version-history":[{"count":64,"href":"https:\/\/deherbergrenesse.nl\/de\/wp-json\/wp\/v2\/pages\/106\/revisions"}],"predecessor-version":[{"id":737,"href":"https:\/\/deherbergrenesse.nl\/de\/wp-json\/wp\/v2\/pages\/106\/revisions\/737"}],"wp:featuredmedia":[{"embeddable":true,"href":"https:\/\/deherbergrenesse.nl\/de\/wp-json\/wp\/v2\/media\/524"}],"wp:attachment":[{"href":"https:\/\/deherbergrenesse.nl\/de\/wp-json\/wp\/v2\/media?parent=106"}],"curies":[{"name":"wp","href":"https:\/\/api.w.org\/{rel}","templated":true}]}}