{"id":108,"date":"2017-11-16T11:33:09","date_gmt":"2017-11-16T10:33:09","guid":{"rendered":"http:\/\/deherbergrenesse.nl\/?page_id=108"},"modified":"2022-12-13T18:37:50","modified_gmt":"2022-12-13T17:37:50","slug":"omgeving","status":"publish","type":"page","link":"https:\/\/deherbergrenesse.nl\/de\/omgeving\/","title":{"rendered":"Umgebung"},"content":{"rendered":"<h4><div class=\"one_half fadeIn last_column\"><br \/>\n<a  href=\"http:\/\/deherbergrenesse.nl\/wp-content\/uploads\/2017\/12\/800-renesse-kerk.jpg\" data-rel=\"lightbox-gallery-0\" data-rl_title=\"\" data-rl_caption=\"\" title=\"\"><img loading=\"lazy\" decoding=\"async\" class=\"alignnone wp-image-309 size-thumbnail\" src=\"http:\/\/deherbergrenesse.nl\/wp-content\/uploads\/2017\/12\/800-renesse-kerk-150x150.jpg\" alt=\"\" width=\"150\" height=\"150\" \/><\/a> <img loading=\"lazy\" decoding=\"async\" class=\"alignnone wp-image-237 size-full\" src=\"http:\/\/deherbergrenesse.nl\/wp-content\/uploads\/2017\/11\/zand-150-150.jpg\" alt=\"\" width=\"150\" height=\"150\" \/> <a  href=\"http:\/\/deherbergrenesse.nl\/wp-content\/uploads\/2017\/12\/800-strand2.jpg\" data-rel=\"lightbox-gallery-0\" data-rl_title=\"\" data-rl_caption=\"\" title=\"\"><img loading=\"lazy\" decoding=\"async\" class=\"alignnone wp-image-318 size-thumbnail\" src=\"http:\/\/deherbergrenesse.nl\/wp-content\/uploads\/2017\/12\/800-strand2-150x150.jpg\" alt=\"\" width=\"150\" height=\"150\" \/><\/a> <a  href=\"http:\/\/deherbergrenesse.nl\/wp-content\/uploads\/2017\/12\/800-markt-renesse.jpg\" data-rel=\"lightbox-gallery-0\" data-rl_title=\"\" data-rl_caption=\"\" title=\"\"><img loading=\"lazy\" decoding=\"async\" class=\"alignnone wp-image-324 size-thumbnail\" src=\"http:\/\/deherbergrenesse.nl\/wp-content\/uploads\/2017\/12\/800-markt-renesse-150x150.jpg\" alt=\"\" width=\"150\" height=\"150\" \/><\/a> <a  href=\"http:\/\/deherbergrenesse.nl\/wp-content\/uploads\/2017\/12\/800-Renesse-winkels.jpg\" data-rel=\"lightbox-gallery-0\" data-rl_title=\"\" data-rl_caption=\"\" title=\"\"><img loading=\"lazy\" decoding=\"async\" class=\"alignnone wp-image-311 size-thumbnail\" src=\"http:\/\/deherbergrenesse.nl\/wp-content\/uploads\/2017\/12\/800-Renesse-winkels-150x150.jpg\" alt=\"\" width=\"150\" height=\"150\" \/><\/a> <img loading=\"lazy\" decoding=\"async\" class=\"alignnone wp-image-236 size-full\" src=\"http:\/\/deherbergrenesse.nl\/wp-content\/uploads\/2017\/11\/zee-150-150.jpg\" alt=\"\" width=\"150\" height=\"150\" \/> <img loading=\"lazy\" decoding=\"async\" class=\"alignnone wp-image-238 size-full\" src=\"http:\/\/deherbergrenesse.nl\/wp-content\/uploads\/2017\/11\/duin-150-150.jpg\" alt=\"\" width=\"150\" height=\"150\" \/> <a  href=\"http:\/\/deherbergrenesse.nl\/wp-content\/uploads\/2017\/12\/800-strand4.jpg\" data-rel=\"lightbox-gallery-0\" data-rl_title=\"\" data-rl_caption=\"\" title=\"\"><img loading=\"lazy\" decoding=\"async\" class=\"alignnone wp-image-319 size-thumbnail\" src=\"http:\/\/deherbergrenesse.nl\/wp-content\/uploads\/2017\/12\/800-strand4-150x150.jpg\" alt=\"\" width=\"150\" height=\"150\" \/><\/a> <a  href=\"http:\/\/deherbergrenesse.nl\/wp-content\/uploads\/2017\/12\/800-renesse.jpg\" data-rel=\"lightbox-gallery-0\" data-rl_title=\"\" data-rl_caption=\"\" title=\"\"><img loading=\"lazy\" decoding=\"async\" class=\"alignnone wp-image-315 size-thumbnail\" src=\"http:\/\/deherbergrenesse.nl\/wp-content\/uploads\/2017\/12\/800-renesse-150x150.jpg\" alt=\"\" width=\"150\" height=\"150\" \/><\/a><br \/>\n<\/div><br \/>\n<div class=\"one_half fadeInRight last_column\">Renesse<\/h4>\n<p>Renesse ist ein Ringdorf gebaut um die gotische Jacobs Kirche, und ein Touristenmagnet, da es sich sehr f\u00fcr Familien mit Kindern eignet.\u00a0Der K\u00fcstenort verf\u00fcgt \u00fcber verschiedene Str\u00e4nde, gem\u00fctlichen Terrassen, einer gro\u00dfen Auswahl an Gesch\u00e4ften und auch das Ausgangsleben kommt nicht zu kurz.\u00a0Am Rande des Dorfes liegt das Transferium, wo Sie kostenlos von 15 Mai bis 15 September mit dem Bus zum Strand oder in die umliegenden D\u00f6rfer fahren k\u00f6nnen.<\/p>\n<p>Der Sandstrand Von Renesse ist ca. 17 km lang und liegt neben den W\u00e4ldern und der D\u00fcnenlandschaft von Westerschouwen.\u00a0Die Str\u00e4nde von Westerschouwen geh\u00f6ren zu den saubersten Str\u00e4nden der Niederlande und haben f\u00fcr jeden etwas zu bieten: Von Familien- und Wassersportstr\u00e4nden bis zu Naturstr\u00e4nden.\u00a0Auch sieht man vor der K\u00fcste von Renesse sehr oft Seehunde auf den Sandb\u00e4nken liegen.\u00a0Ihre Anzahl hat die letzten Jahre zugenommen.<\/p>\n<p>Beliebte Veranstaltungen in Renesse sind z.B. die \u201eFjoertoer\u201c. Ein j\u00e4hrlich wiederkommendes Ereignis, wobei man am Abend \u00fcber den Strand und durch die D\u00fcnen an verschiedenen Licht Objekten vorbei wandert. Ein besonderes Ereignis ist die \u201eStrao\u201c, wo eine gro\u00dfe Anzahl geschm\u00fcckter Pferde mit Reitern durchs Dorf in Richtung Strand ziehen, um die Beine der Pferde im Meer zu waschen. Nicht zu vergessen ist unsere Dorfs Kirmes, die jedes Jahr um den 25 Juli zum Namenstag von Jacobus rund um die Kirche stattfindet.<\/p>\n<p>In der Sommersaison werden viele Veranstaltungen in Renesse organisiert.<\/p>\n<p><\/div><br \/>\n<div class=\"one_half fadeIn last_column\"><br \/>\n<a href=\"http:\/\/deherbergrenesse.nl\/wp-content\/uploads\/2017\/12\/800-schouwen.jpg\" data-rel=\"lightbox-gallery-0\" data-rl_title=\"\" data-rl_caption=\"\" title=\"\"><img loading=\"lazy\" decoding=\"async\" class=\"alignnone wp-image-316 size-thumbnail\" src=\"http:\/\/deherbergrenesse.nl\/wp-content\/uploads\/2017\/12\/800-schouwen-150x150.jpg\" alt=\"\" width=\"150\" height=\"150\" \/><\/a> <a href=\"http:\/\/deherbergrenesse.nl\/wp-content\/uploads\/2017\/12\/800-zeelandbrug2.jpg\" data-rel=\"lightbox-gallery-0\" data-rl_title=\"\" data-rl_caption=\"\" title=\"\"><img loading=\"lazy\" decoding=\"async\" class=\"alignnone wp-image-322 size-thumbnail\" src=\"http:\/\/deherbergrenesse.nl\/wp-content\/uploads\/2017\/12\/800-zeelandbrug2-150x150.jpg\" alt=\"\" width=\"150\" height=\"150\" \/><\/a> <img loading=\"lazy\" decoding=\"async\" class=\"alignnone wp-image-238 size-full\" src=\"http:\/\/deherbergrenesse.nl\/wp-content\/uploads\/2017\/11\/duin-150-150.jpg\" alt=\"\" width=\"150\" height=\"150\" \/> <img loading=\"lazy\" decoding=\"async\" class=\"alignnone wp-image-236 size-full\" src=\"http:\/\/deherbergrenesse.nl\/wp-content\/uploads\/2017\/11\/zee-150-150.jpg\" alt=\"\" width=\"150\" height=\"150\" \/> <a href=\"http:\/\/deherbergrenesse.nl\/wp-content\/uploads\/2017\/12\/800-zierikzee1.jpg\" data-rel=\"lightbox-gallery-0\" data-rl_title=\"\" data-rl_caption=\"\" title=\"\"><img loading=\"lazy\" decoding=\"async\" class=\"alignnone wp-image-313 size-thumbnail\" src=\"http:\/\/deherbergrenesse.nl\/wp-content\/uploads\/2017\/12\/800-zierikzee1-150x150.jpg\" alt=\"\" width=\"150\" height=\"150\" \/><\/a> <a href=\"http:\/\/deherbergrenesse.nl\/wp-content\/uploads\/2017\/12\/800-oosterscheldekering-3005_3005_0_xl.jpg\" data-rel=\"lightbox-gallery-0\" data-rl_title=\"\" data-rl_caption=\"\" title=\"\"><img loading=\"lazy\" decoding=\"async\" class=\"alignnone wp-image-308 size-thumbnail\" src=\"http:\/\/deherbergrenesse.nl\/wp-content\/uploads\/2017\/12\/800-oosterscheldekering-3005_3005_0_xl-150x150.jpg\" alt=\"\" width=\"150\" height=\"150\" \/><\/a> <a href=\"http:\/\/deherbergrenesse.nl\/wp-content\/uploads\/2017\/12\/800-westerschouwen1.jpg\" data-rel=\"lightbox-gallery-0\" data-rl_title=\"\" data-rl_caption=\"\" title=\"\"><img loading=\"lazy\" decoding=\"async\" class=\"alignnone wp-image-321 size-thumbnail\" src=\"http:\/\/deherbergrenesse.nl\/wp-content\/uploads\/2017\/12\/800-westerschouwen1-150x150.jpg\" alt=\"\" width=\"150\" height=\"150\" \/><\/a> <img loading=\"lazy\" decoding=\"async\" class=\"alignnone wp-image-237 size-full\" src=\"http:\/\/deherbergrenesse.nl\/wp-content\/uploads\/2017\/11\/zand-150-150.jpg\" alt=\"\" width=\"150\" height=\"150\" \/> <a href=\"http:\/\/deherbergrenesse.nl\/wp-content\/uploads\/2017\/12\/800-strand3.jpg\" data-rel=\"lightbox-gallery-0\" data-rl_title=\"\" data-rl_caption=\"\" title=\"\"><img loading=\"lazy\" decoding=\"async\" class=\"alignnone wp-image-312 size-thumbnail\" src=\"http:\/\/deherbergrenesse.nl\/wp-content\/uploads\/2017\/12\/800-strand3-150x150.jpg\" alt=\"\" width=\"150\" height=\"150\" \/><\/a><br \/>\n<\/div><\/p>\n<h4><div class=\"one_half fadeInRight last_column\">Schouwen-Duiveland<\/h4>\n<p>Renesse liegt auf dem n\u00f6rdlichsten Punkt von Zeeland. Schouwen-Duiveland hat kilometerlange Sandstr\u00e4nde angrenzend an unber\u00fchrter D\u00fcnenlandschaft.\u00a0Eine wundersch\u00f6ne Umgebung um sie mit dem Fahrrad, zu Fu\u00df, mit dem Boot oder dem Pferd zu entdecken.\u00a0Renesse hat das sauberste Seewasser von der Niederl\u00e4ndischen K\u00fcste.\u00a0Eine wundersch\u00f6ne Umgebung, um sie in den Sommermonaten als auch in den Wintermonaten zu besuchen.<\/p>\n<p>Schouwen-Duiveland ist umgeben von der Nordsee, National Park Oosterschelde und dem Grevelingenmeer und ist unl\u00f6slich mit dem Meer verbunden. Das ist auch zu sehen in einem St\u00fcck Geschichte, z.B. das \u201eWatersnoodmuseum\u201c in Ouwerkerk und die \u201eOosterschelde Kering\u201c. Hier werden die Vergangenheit und die Zukunft mit einander verbunden.\u00a0Das viele Wasser bietet nicht nur Spannung, sondern auch viel Spa\u00df. Die Insel verdankt Ihre Popularit\u00e4t haupts\u00e4chlich ihrem gro\u00dfen Angebot an unterschiedlichen Wassersportarten, aber auch der wundersch\u00f6nen D\u00fcnenlandschaft, wo Vogelliebhaber, Wanderer, Fahrradfahrer und Sportler ihrem Herzen folgen k\u00f6nnen.<\/p>\n<p>Schouwen-Duiveland ist verzeichnet in den Top 10 der Niederl\u00e4ndischen Monumenten Gemeinde und sicher einen Besuch wert.<\/p>\n<p>&nbsp;<\/p>\n<p><\/div><br \/>\n<div class=\"one_half fadeIn last_column\"><br \/>\n<a href=\"http:\/\/deherbergrenesse.nl\/wp-content\/uploads\/2017\/12\/800-kaart.jpg\" data-rel=\"lightbox-gallery-0\" data-rl_title=\"\" data-rl_caption=\"\" title=\"\"><img loading=\"lazy\" decoding=\"async\" class=\"alignnone wp-image-314 size-thumbnail\" src=\"http:\/\/deherbergrenesse.nl\/wp-content\/uploads\/2017\/12\/800-kaart-150x150.jpg\" alt=\"\" width=\"150\" height=\"150\" \/><\/a> <img loading=\"lazy\" decoding=\"async\" class=\"alignnone wp-image-236 size-full\" src=\"http:\/\/deherbergrenesse.nl\/wp-content\/uploads\/2017\/11\/zee-150-150.jpg\" alt=\"\" width=\"150\" height=\"150\" \/> <a href=\"http:\/\/deherbergrenesse.nl\/wp-content\/uploads\/2017\/12\/800-Oosterscheldekering_jpg-700.jpg\" data-rel=\"lightbox-gallery-0\" data-rl_title=\"\" data-rl_caption=\"\" title=\"\"><img loading=\"lazy\" decoding=\"async\" class=\"alignnone wp-image-307 size-thumbnail\" src=\"http:\/\/deherbergrenesse.nl\/wp-content\/uploads\/2017\/12\/800-Oosterscheldekering_jpg-700-150x150.jpg\" alt=\"\" width=\"150\" height=\"150\" \/><\/a> <a href=\"http:\/\/deherbergrenesse.nl\/wp-content\/uploads\/2017\/12\/winkelen-in-Goes.png\" data-rel=\"lightbox-gallery-0\" data-rl_title=\"\" data-rl_caption=\"\" title=\"\"><img loading=\"lazy\" decoding=\"async\" class=\"alignnone wp-image-325 size-thumbnail\" src=\"http:\/\/deherbergrenesse.nl\/wp-content\/uploads\/2017\/12\/winkelen-in-Goes-150x150.png\" alt=\"\" width=\"150\" height=\"150\" \/><\/a> <a href=\"http:\/\/deherbergrenesse.nl\/wp-content\/uploads\/2017\/12\/markt-in-middelburg.jpg\" data-rel=\"lightbox-gallery-0\" data-rl_title=\"\" data-rl_caption=\"\" title=\"\"><img loading=\"lazy\" decoding=\"async\" class=\"alignnone wp-image-326 size-thumbnail\" src=\"http:\/\/deherbergrenesse.nl\/wp-content\/uploads\/2017\/12\/markt-in-middelburg-150x150.jpg\" alt=\"\" width=\"150\" height=\"150\" \/><\/a> <img loading=\"lazy\" decoding=\"async\" class=\"alignnone wp-image-237 size-full\" src=\"http:\/\/deherbergrenesse.nl\/wp-content\/uploads\/2017\/11\/zand-150-150.jpg\" alt=\"\" width=\"150\" height=\"150\" \/> <a href=\"http:\/\/deherbergrenesse.nl\/wp-content\/uploads\/2017\/12\/800-Mosseldag-Yerseke1.jpg\" data-rel=\"lightbox-gallery-0\" data-rl_title=\"\" data-rl_caption=\"\" title=\"\"><img loading=\"lazy\" decoding=\"async\" class=\"alignnone wp-image-305 size-thumbnail\" src=\"http:\/\/deherbergrenesse.nl\/wp-content\/uploads\/2017\/12\/800-Mosseldag-Yerseke1-150x150.jpg\" alt=\"\" width=\"150\" height=\"150\" \/><\/a> <img loading=\"lazy\" decoding=\"async\" class=\"alignnone wp-image-238 size-full\" src=\"http:\/\/deherbergrenesse.nl\/wp-content\/uploads\/2017\/11\/duin-150-150.jpg\" alt=\"\" width=\"150\" height=\"150\" \/> <a href=\"http:\/\/deherbergrenesse.nl\/wp-content\/uploads\/2017\/12\/800-mosselen.jpg\" data-rel=\"lightbox-gallery-0\" data-rl_title=\"\" data-rl_caption=\"\" title=\"\"><img loading=\"lazy\" decoding=\"async\" class=\"alignnone wp-image-306 size-thumbnail\" src=\"http:\/\/deherbergrenesse.nl\/wp-content\/uploads\/2017\/12\/800-mosselen-150x150.jpg\" alt=\"\" width=\"150\" height=\"150\" \/><\/a><br \/>\n<\/div><br \/>\n<div class=\"one_half fadeInRight last_column\"><\/div><\/p>\n<h4>Zeeland<\/h4>\n<p>Eine ausgestreckte Naturlandschaft, monumentale Kleinst\u00e4dte, die sch\u00f6nsten Str\u00e4nde von den Niederlanden, ein bl\u00fchendes Landleben, malerische kleine D\u00f6rfer, historische Ereignisse und die leckersten Schal \u2013 und Muscheltiere. Nicht zu vergessen sind unseren vielen (Wasser) Attraktionen.\u00a0Das ist typisch Zeeland, mit den meisten Sonnenstunden in den Niederlanden. Darum ist es auch perfekt als Urlaubsziel.<br \/>\n<span style=\"color: #ffffff;\">.<\/span><br \/>\nMit den Haaren im Wind, auf dem Fahrrad, wandernd, oder auf dem Surfbrett.\u00a0Enddecken Sie Zeeland auf Ihre eigene Art und Weise. Ein angenehmer Seewind bringt Erfrischung im Sommer und milde Winter.<br \/>\n<span style=\"color: #ffffff;\">.<\/span><br \/>\nSuchen Sie die Ruhe im Zeeuwsen Hinterland oder besuchen Sie die Blumen Deiche in \u201eZuid Beveland\u201c. Diese sind am sch\u00f6nsten im Fr\u00fchling und Anfang Sommer. Es gibt mehrere Wege, die Sie zu verborgenen D\u00f6rfern, so als \u201eNisse\u201c bringen. Dort befinden sich noch Elemente, die an vergangene Zeiten erinnern, wie z.B. \u201edie Vaete\u201c (Dorfs Teich). Empfehlenswert ist auch mit einem F\u00fchrer durch das versunkene Land von \u201eSaeftinghe\u201c zu wandern. Die gr\u00f6\u00dfte Brackwasserzone der Niederlande.<br \/>\n<span style=\"color: #ffffff;\">.<\/span><br \/>\nBesuchen Sie lieber eine Stadt? Die Hauptstadt von Zeeland Middelburg z\u00e4hlt per m2 mehr Denkm\u00e4ler als Amsterdam, und verf\u00fcgt noch \u00fcber Gesch\u00e4fte mit eigener Produktion neben den bekannten Verkaufsketten.\u00a0Auch in Goes l\u00e4sst es sich gut verweilen.\u00a0In dem Dorf Sluis auf Zeeuws-Vlaanderen k\u00f6nnen Sie in altert\u00fcmlicher Atmosph\u00e4re shoppen.<br \/>\n<span style=\"color: #ffffff;\">.<\/span><br \/>\nUnsere sieben Michelin Restaurants beweisen, dass Zeeland auch auf kulinarischem Gebiet viel zu bieten hat. Haben Sie mehr Interesse an Zeeuwse Muscheln? Die sind \u00fcberall in der Provinz zu bekommen, z.B. bei \u201eNeeltje Jans\u201c. Dort befindet sich auch der \u201eDeltapark Neeltje Jans\u201c, wo Sie alles \u00fcber die Deltawerke lesen, sehen und erfahren k\u00f6nnen. H\u00f6hepunkt ist ein Besuch der \u201eOosterscheldekering\u201c (Sperrwerk). Diese wird auch das achte Weltwunder genannt.<br \/>\n<span style=\"color: #ffffff;\">.<\/span><br \/>\nUm es kurz zu fassen: Es gibt viel zu erleben und zu unternehmen. Zeeland bietet die perfekte Urlaubsbestimmung f\u00fcr die ganze Familie, um sich eine oder mehrere Wochen zu vergn\u00fcgen.<\/p>\n","protected":false},"excerpt":{"rendered":"<p>De zeven Michelin sterrenrestaurants bewijzen ook dat het culinaire niveau van Zeeland op peil is. Meer interesse in een goede bak Zeeuwse mosselen? Daarvoor kunt u bijna overal in de provincie terecht, bijvoorbeeld bij Neeltje Jans. Daar ligt ook Deltapark Neeltje Jans, waar u alles kunt lezen, zien en ervaren wat met de Deltawerken te maken heeft. Hoogtepunt is een bezoek aan de Oosterscheldekering. Deze wordt niet voor niets ook wel het achtste wereldwonder genoemd. &#8211; Kortom er is oneindig veel te zien en te doen, een vakantiebestemming waar u zich met het gehele gezin meerdere weken kunt vermaken. Geniet&#8230; <\/p>\n","protected":false},"author":1,"featured_media":258,"parent":0,"menu_order":0,"comment_status":"closed","ping_status":"closed","template":"","meta":{"footnotes":""},"class_list":["post-108","page","type-page","status-publish","has-post-thumbnail","hentry"],"translation":{"provider":"WPGlobus","version":"3.0.2","language":"de","enabled_languages":["nl","en","de"],"languages":{"nl":{"title":true,"content":true,"excerpt":false},"en":{"title":true,"content":true,"excerpt":false},"de":{"title":true,"content":true,"excerpt":false}}},"yoast_head":"<!-- This site is optimized with the Yoast SEO plugin v27.5 - https:\/\/yoast.com\/product\/yoast-seo-wordpress\/ -->\n<title>Umgebung - De Herberg Renesse<\/title>\n<meta name=\"robots\" content=\"index, follow, max-snippet:-1, max-image-preview:large, max-video-preview:-1\" \/>\n<link rel=\"canonical\" href=\"https:\/\/deherbergrenesse.nl\/omgeving\/\" \/>\n<meta property=\"og:locale\" content=\"de_DE\" \/>\n<meta property=\"og:type\" content=\"article\" \/>\n<meta property=\"og:title\" content=\"Umgebung - De Herberg Renesse\" \/>\n<meta property=\"og:url\" content=\"https:\/\/deherbergrenesse.nl\/omgeving\/\" \/>\n<meta property=\"og:site_name\" content=\"De Herberg Renesse\" \/>\n<meta property=\"article:modified_time\" content=\"2022-12-13T17:37:50+00:00\" \/>\n<meta property=\"og:image\" content=\"https:\/\/deherbergrenesse.nl\/wp-content\/uploads\/2017\/11\/duinovergang.jpg\" \/>\n\t<meta property=\"og:image:width\" content=\"1400\" \/>\n\t<meta property=\"og:image:height\" content=\"310\" \/>\n\t<meta property=\"og:image:type\" content=\"image\/jpeg\" \/>\n<meta name=\"twitter:card\" content=\"summary_large_image\" \/>\n<meta name=\"twitter:label1\" content=\"Gesch\u00e4tzte Lesezeit\" \/>\n\t<meta name=\"twitter:data1\" content=\"9\u00a0Minuten\" \/>\n<script type=\"application\/ld+json\" class=\"yoast-schema-graph\">{\"@context\":\"https:\\\/\\\/schema.org\",\"@graph\":[{\"@type\":\"WebPage\",\"@id\":\"https:\\\/\\\/deherbergrenesse.nl\\\/omgeving\\\/\",\"url\":\"https:\\\/\\\/deherbergrenesse.nl\\\/omgeving\\\/\",\"name\":\"Umgebung - De Herberg Renesse\",\"isPartOf\":{\"@id\":\"https:\\\/\\\/deherbergrenesse.nl\\\/#website\"},\"primaryImageOfPage\":{\"@id\":\"https:\\\/\\\/deherbergrenesse.nl\\\/omgeving\\\/#primaryimage\"},\"image\":{\"@id\":\"https:\\\/\\\/deherbergrenesse.nl\\\/omgeving\\\/#primaryimage\"},\"thumbnailUrl\":\"https:\\\/\\\/deherbergrenesse.nl\\\/wp-content\\\/uploads\\\/2017\\\/11\\\/duinovergang.jpg\",\"datePublished\":\"2017-11-16T10:33:09+00:00\",\"dateModified\":\"2022-12-13T17:37:50+00:00\",\"breadcrumb\":{\"@id\":\"https:\\\/\\\/deherbergrenesse.nl\\\/omgeving\\\/#breadcrumb\"},\"inLanguage\":\"de\",\"potentialAction\":[{\"@type\":\"ReadAction\",\"target\":[\"https:\\\/\\\/deherbergrenesse.nl\\\/omgeving\\\/\"]}]},{\"@type\":\"ImageObject\",\"inLanguage\":\"de\",\"@id\":\"https:\\\/\\\/deherbergrenesse.nl\\\/omgeving\\\/#primaryimage\",\"url\":\"https:\\\/\\\/deherbergrenesse.nl\\\/wp-content\\\/uploads\\\/2017\\\/11\\\/duinovergang.jpg\",\"contentUrl\":\"https:\\\/\\\/deherbergrenesse.nl\\\/wp-content\\\/uploads\\\/2017\\\/11\\\/duinovergang.jpg\",\"width\":1400,\"height\":310},{\"@type\":\"BreadcrumbList\",\"@id\":\"https:\\\/\\\/deherbergrenesse.nl\\\/omgeving\\\/#breadcrumb\",\"itemListElement\":[{\"@type\":\"ListItem\",\"position\":1,\"name\":\"Home\",\"item\":\"https:\\\/\\\/deherbergrenesse.nl\\\/\"},{\"@type\":\"ListItem\",\"position\":2,\"name\":\"Omgeving\"}]},{\"@type\":\"WebSite\",\"@id\":\"https:\\\/\\\/deherbergrenesse.nl\\\/#website\",\"url\":\"https:\\\/\\\/deherbergrenesse.nl\\\/\",\"name\":\"De Herberg Renesse\",\"description\":\"\",\"potentialAction\":[{\"@type\":\"SearchAction\",\"target\":{\"@type\":\"EntryPoint\",\"urlTemplate\":\"https:\\\/\\\/deherbergrenesse.nl\\\/?s={search_term_string}\"},\"query-input\":{\"@type\":\"PropertyValueSpecification\",\"valueRequired\":true,\"valueName\":\"search_term_string\"}}],\"inLanguage\":\"de\"}]}<\/script>\n<!-- \/ Yoast SEO plugin. -->","yoast_head_json":{"title":"Umgebung - De Herberg Renesse","robots":{"index":"index","follow":"follow","max-snippet":"max-snippet:-1","max-image-preview":"max-image-preview:large","max-video-preview":"max-video-preview:-1"},"canonical":"https:\/\/deherbergrenesse.nl\/omgeving\/","og_locale":"de_DE","og_type":"article","og_title":"Umgebung - De Herberg Renesse","og_url":"https:\/\/deherbergrenesse.nl\/omgeving\/","og_site_name":"De Herberg Renesse","article_modified_time":"2022-12-13T17:37:50+00:00","og_image":[{"width":1400,"height":310,"url":"https:\/\/deherbergrenesse.nl\/wp-content\/uploads\/2017\/11\/duinovergang.jpg","type":"image\/jpeg"}],"twitter_card":"summary_large_image","twitter_misc":{"Gesch\u00e4tzte Lesezeit":"9\u00a0Minuten"},"schema":{"@context":"https:\/\/schema.org","@graph":[{"@type":"WebPage","@id":"https:\/\/deherbergrenesse.nl\/omgeving\/","url":"https:\/\/deherbergrenesse.nl\/omgeving\/","name":"Umgebung - De Herberg Renesse","isPartOf":{"@id":"https:\/\/deherbergrenesse.nl\/#website"},"primaryImageOfPage":{"@id":"https:\/\/deherbergrenesse.nl\/omgeving\/#primaryimage"},"image":{"@id":"https:\/\/deherbergrenesse.nl\/omgeving\/#primaryimage"},"thumbnailUrl":"https:\/\/deherbergrenesse.nl\/wp-content\/uploads\/2017\/11\/duinovergang.jpg","datePublished":"2017-11-16T10:33:09+00:00","dateModified":"2022-12-13T17:37:50+00:00","breadcrumb":{"@id":"https:\/\/deherbergrenesse.nl\/omgeving\/#breadcrumb"},"inLanguage":"de","potentialAction":[{"@type":"ReadAction","target":["https:\/\/deherbergrenesse.nl\/omgeving\/"]}]},{"@type":"ImageObject","inLanguage":"de","@id":"https:\/\/deherbergrenesse.nl\/omgeving\/#primaryimage","url":"https:\/\/deherbergrenesse.nl\/wp-content\/uploads\/2017\/11\/duinovergang.jpg","contentUrl":"https:\/\/deherbergrenesse.nl\/wp-content\/uploads\/2017\/11\/duinovergang.jpg","width":1400,"height":310},{"@type":"BreadcrumbList","@id":"https:\/\/deherbergrenesse.nl\/omgeving\/#breadcrumb","itemListElement":[{"@type":"ListItem","position":1,"name":"Home","item":"https:\/\/deherbergrenesse.nl\/"},{"@type":"ListItem","position":2,"name":"Omgeving"}]},{"@type":"WebSite","@id":"https:\/\/deherbergrenesse.nl\/#website","url":"https:\/\/deherbergrenesse.nl\/","name":"De Herberg Renesse","description":"","potentialAction":[{"@type":"SearchAction","target":{"@type":"EntryPoint","urlTemplate":"https:\/\/deherbergrenesse.nl\/?s={search_term_string}"},"query-input":{"@type":"PropertyValueSpecification","valueRequired":true,"valueName":"search_term_string"}}],"inLanguage":"de"}]}},"_links":{"self":[{"href":"https:\/\/deherbergrenesse.nl\/de\/wp-json\/wp\/v2\/pages\/108","targetHints":{"allow":["GET"]}}],"collection":[{"href":"https:\/\/deherbergrenesse.nl\/de\/wp-json\/wp\/v2\/pages"}],"about":[{"href":"https:\/\/deherbergrenesse.nl\/de\/wp-json\/wp\/v2\/types\/page"}],"author":[{"embeddable":true,"href":"https:\/\/deherbergrenesse.nl\/de\/wp-json\/wp\/v2\/users\/1"}],"replies":[{"embeddable":true,"href":"https:\/\/deherbergrenesse.nl\/de\/wp-json\/wp\/v2\/comments?post=108"}],"version-history":[{"count":53,"href":"https:\/\/deherbergrenesse.nl\/de\/wp-json\/wp\/v2\/pages\/108\/revisions"}],"predecessor-version":[{"id":649,"href":"https:\/\/deherbergrenesse.nl\/de\/wp-json\/wp\/v2\/pages\/108\/revisions\/649"}],"wp:featuredmedia":[{"embeddable":true,"href":"https:\/\/deherbergrenesse.nl\/de\/wp-json\/wp\/v2\/media\/258"}],"wp:attachment":[{"href":"https:\/\/deherbergrenesse.nl\/de\/wp-json\/wp\/v2\/media?parent=108"}],"curies":[{"name":"wp","href":"https:\/\/api.w.org\/{rel}","templated":true}]}}