{"id":112,"date":"2017-11-16T11:39:37","date_gmt":"2017-11-16T10:39:37","guid":{"rendered":"http:\/\/deherbergrenesse.nl\/?page_id=112"},"modified":"2022-12-23T14:51:53","modified_gmt":"2022-12-23T13:51:53","slug":"onze-kamers","status":"publish","type":"page","link":"https:\/\/deherbergrenesse.nl\/de\/onze-kamers\/","title":{"rendered":"Unsere Hotelzimmer"},"content":{"rendered":"<div class=\"one_half fadeIn\">\n<h4>Doppelzimmer<\/h4>\n<p>Alle Zimmer sind schlicht und komfortabel eingerichtet mit einer behaglichen Ausstrahlung und Aussicht \u00fcber den Ring von Renesse.<br \/>\nIn allen Zimmer befinden sich: Zwei Einzel Boxspring-Betten, ein Kleiderschrank oder W\u00e4scheschrank, eine Sitzecke mit Kabelfernsehen, einem modernen Badezimmer mit Dusche, Toilette, Waschbecken und F\u00f6hn.<br \/>\nJedes Zimmer verf\u00fcgt \u00fcber kostenloses WLAN, einem Safe und selbst regelbarer Zentralheizung.<\/p>\n<p>Die Hotelzimmer sind inklusive Fr\u00fchst\u00fcck, Bettw\u00e4sche und Handt\u00fccher.\u00a0Exklusive Kurtaxe.<br \/>\nEinchecken kann T\u00e4glich ab 12.00 Uhr und Auschecken bis 10.00 Uhr.<\/p>\n<p><a class=\"read-more\" href=\"https:\/\/reservations.cubilis.eu\/pension-de-herberg-renesse?Language=de-DE&amp;Room=26227\" target=\"_blank\" rel=\"noopener\">Verf\u00fcgbarkeit und Preis\u00a0<i class=\"fa fa-angle-right mideum\"><\/i><\/a><br \/>\n<a id=\"familiekamer\"><\/a><\/p>\n<p><\/div> <div class=\"one_half fadeInRight last_column\"><a href=\"http:\/\/deherbergrenesse.nl\/wp-content\/uploads\/2017\/11\/DSC_7005_2.jpg\" data-rel=\"lightbox-gallery-0\" data-rl_title=\"\" data-rl_caption=\"\" title=\"\"><img loading=\"lazy\" decoding=\"async\" class=\"alignnone wp-image-84 size-thumbnail\" src=\"http:\/\/deherbergrenesse.nl\/wp-content\/uploads\/2017\/11\/DSC_7005_2-150x150.jpg\" alt=\"Tweepersoonskamer\" width=\"150\" height=\"150\" \/><\/a>\u00a0 <a href=\"http:\/\/deherbergrenesse.nl\/wp-content\/uploads\/2017\/11\/DSC_6997_2.jpg\" data-rel=\"lightbox-gallery-0\" data-rl_title=\"\" data-rl_caption=\"\" title=\"\"><img loading=\"lazy\" decoding=\"async\" class=\"alignnone wp-image-81 size-thumbnail\" src=\"http:\/\/deherbergrenesse.nl\/wp-content\/uploads\/2017\/11\/DSC_6997_2-150x150.jpg\" alt=\"Tweepersoonskamer\" width=\"150\" height=\"150\" \/><\/a>\u00a0 <img loading=\"lazy\" decoding=\"async\" class=\"alignnone wp-image-238 size-full\" src=\"http:\/\/deherbergrenesse.nl\/wp-content\/uploads\/2017\/11\/duin-150-150.jpg\" alt=\"\" width=\"150\" height=\"150\" \/>\u00a0 <img loading=\"lazy\" decoding=\"async\" class=\"alignnone wp-image-236 size-full\" src=\"http:\/\/deherbergrenesse.nl\/wp-content\/uploads\/2017\/11\/zee-150-150.jpg\" alt=\"\" width=\"150\" height=\"150\" \/>\u00a0 <a href=\"http:\/\/deherbergrenesse.nl\/wp-content\/uploads\/2017\/11\/DSC_6993_2.jpg\" data-rel=\"lightbox-gallery-0\" data-rl_title=\"\" data-rl_caption=\"\" title=\"\"><img loading=\"lazy\" decoding=\"async\" class=\"alignnone wp-image-80 size-thumbnail\" src=\"http:\/\/deherbergrenesse.nl\/wp-content\/uploads\/2017\/11\/DSC_6993_2-150x150.jpg\" alt=\"Tweepersoonskamer\" width=\"150\" height=\"150\" \/><\/a>\u00a0 <a href=\"http:\/\/deherbergrenesse.nl\/wp-content\/uploads\/2017\/11\/DSC_6985_2.jpg\" data-rel=\"lightbox-gallery-0\" data-rl_title=\"\" data-rl_caption=\"\" title=\"\"><img loading=\"lazy\" decoding=\"async\" class=\"alignnone wp-image-78 size-thumbnail\" src=\"http:\/\/deherbergrenesse.nl\/wp-content\/uploads\/2017\/11\/DSC_6985_2-150x150.jpg\" alt=\"Tweepersoonskamer\" width=\"150\" height=\"150\" \/><\/a>\u00a0 <a href=\"http:\/\/deherbergrenesse.nl\/wp-content\/uploads\/2017\/11\/DSC_6987_2.jpg\" data-rel=\"lightbox-gallery-0\" data-rl_title=\"\" data-rl_caption=\"\" title=\"\"><img loading=\"lazy\" decoding=\"async\" class=\"alignnone wp-image-79 size-thumbnail\" src=\"http:\/\/deherbergrenesse.nl\/wp-content\/uploads\/2017\/11\/DSC_6987_2-150x150.jpg\" alt=\"Badkamer tweepersoonskamer\" width=\"150\" height=\"150\" \/><\/a>\u00a0 <img loading=\"lazy\" decoding=\"async\" class=\"alignnone wp-image-237 size-full\" src=\"http:\/\/deherbergrenesse.nl\/wp-content\/uploads\/2017\/11\/zand-150-150.jpg\" alt=\"\" width=\"150\" height=\"150\" \/>\u00a0 <a href=\"http:\/\/deherbergrenesse.nl\/wp-content\/uploads\/2017\/11\/DSC_7001_2.jpg\" data-rel=\"lightbox-gallery-0\" data-rl_title=\"\" data-rl_caption=\"\" title=\"\"><img loading=\"lazy\" decoding=\"async\" class=\"alignnone wp-image-82 size-thumbnail\" src=\"http:\/\/deherbergrenesse.nl\/wp-content\/uploads\/2017\/11\/DSC_7001_2-150x150.jpg\" alt=\"Badkamer tweepersoonskamer\" width=\"150\" height=\"150\" \/><\/a><br \/>\n<\/div><\/p>\n<hr \/>\n<div class=\"one_half fadeIn\">\n<h4>Familienzimmer<\/h4>\n<p>Unser gem\u00fctliches Familienzimmer mit zwei einzelnen Boxspringbetten, Sitzecke und Kabel Fernsehen grenzt ans Kinderschlafzimmer mit Etagenbett.<br \/>\nWeiter verf\u00fcgt dieses Zimmer \u00fcber einen Kleiderschrank oder W\u00e4scheschrank, einem Safe, K\u00fchlschrank, ein modernes Badezimmer mit Dusche, Toilette, Waschbecken und F\u00f6hn, kostenlosem WLAN und selbst regelbarer Zentralheizung.<\/p>\n<p>Diese Unterkunft ist inklusive Fr\u00fchst\u00fcck, Bettw\u00e4sche, Handt\u00fccher und exklusive Kurtaxe.<br \/>\nEinchecken kann T\u00e4glich ab 12.00 Uhr und Auschecken bis 10.00 Uhr.<\/p>\n<p><a class=\"read-more\" href=\"https:\/\/reservations.cubilis.eu\/pension-de-herberg-renesse?Language=de-DE&amp;Room=26228\" target=\"_blank\" rel=\"noopener\">Verf\u00fcgbarkeit und Preis<i class=\"fa fa-angle-right mideum\"><\/i><\/a><\/p>\n<p><\/div> <div class=\"one_half fadeInRight last_column\"><a href=\"http:\/\/deherbergrenesse.nl\/wp-content\/uploads\/2017\/11\/DSC_6971_2.jpg\" data-rel=\"lightbox-gallery-0\" data-rl_title=\"\" data-rl_caption=\"\" title=\"\"><img loading=\"lazy\" decoding=\"async\" class=\"alignnone wp-image-77 size-thumbnail\" src=\"http:\/\/deherbergrenesse.nl\/wp-content\/uploads\/2017\/11\/DSC_6971_2-150x150.jpg\" alt=\"\" width=\"150\" height=\"150\" \/><\/a>\u00a0 <img loading=\"lazy\" decoding=\"async\" class=\"alignnone wp-image-236 size-full\" src=\"http:\/\/deherbergrenesse.nl\/wp-content\/uploads\/2017\/11\/zee-150-150.jpg\" alt=\"\" width=\"150\" height=\"150\" \/>\u00a0 <a href=\"http:\/\/deherbergrenesse.nl\/wp-content\/uploads\/2017\/11\/DSC_6964_2.jpg\" data-rel=\"lightbox-gallery-0\" data-rl_title=\"\" data-rl_caption=\"\" title=\"\"><img loading=\"lazy\" decoding=\"async\" class=\"alignnone wp-image-75 size-thumbnail\" src=\"http:\/\/deherbergrenesse.nl\/wp-content\/uploads\/2017\/11\/DSC_6964_2-150x150.jpg\" alt=\"\" width=\"150\" height=\"150\" \/><\/a>\u00a0 <a href=\"http:\/\/deherbergrenesse.nl\/wp-content\/uploads\/2017\/11\/Stapelbed1.jpg\" data-rel=\"lightbox-gallery-0\" data-rl_title=\"\" data-rl_caption=\"\" title=\"\"><img loading=\"lazy\" decoding=\"async\" class=\"alignnone wp-image-88 size-thumbnail\" src=\"http:\/\/deherbergrenesse.nl\/wp-content\/uploads\/2017\/11\/Stapelbed1-150x150.jpg\" alt=\"\" width=\"150\" height=\"150\" \/><\/a>\u00a0 <a href=\"http:\/\/deherbergrenesse.nl\/wp-content\/uploads\/2017\/11\/800-DSC_6951_2.jpg\" data-rel=\"lightbox-gallery-0\" data-rl_title=\"\" data-rl_caption=\"\" title=\"\"><img loading=\"lazy\" decoding=\"async\" class=\"alignnone wp-image-71 size-thumbnail\" src=\"http:\/\/deherbergrenesse.nl\/wp-content\/uploads\/2017\/11\/800-DSC_6951_2-150x150.jpg\" alt=\"\" width=\"150\" height=\"150\" \/><\/a>\u00a0 <img loading=\"lazy\" decoding=\"async\" class=\"alignnone wp-image-237 size-full\" src=\"http:\/\/deherbergrenesse.nl\/wp-content\/uploads\/2017\/11\/zand-150-150.jpg\" alt=\"\" width=\"150\" height=\"150\" \/>\u00a0 <a href=\"http:\/\/deherbergrenesse.nl\/wp-content\/uploads\/2017\/11\/Stapelbed2.jpg\" data-rel=\"lightbox-gallery-0\" data-rl_title=\"\" data-rl_caption=\"\" title=\"\"><img loading=\"lazy\" decoding=\"async\" class=\"alignnone wp-image-89 size-thumbnail\" src=\"http:\/\/deherbergrenesse.nl\/wp-content\/uploads\/2017\/11\/Stapelbed2-150x150.jpg\" alt=\"\" width=\"150\" height=\"150\" \/><\/a>\u00a0\u00a0<img loading=\"lazy\" decoding=\"async\" class=\"alignnone wp-image-238 size-full\" src=\"http:\/\/deherbergrenesse.nl\/wp-content\/uploads\/2017\/11\/duin-150-150.jpg\" alt=\"\" width=\"150\" height=\"150\" \/>\u00a0\u00a0<a href=\"http:\/\/deherbergrenesse.nl\/wp-content\/uploads\/2017\/11\/DSC_6958_2.jpg\" data-rel=\"lightbox-gallery-0\" data-rl_title=\"\" data-rl_caption=\"\" title=\"\"><img loading=\"lazy\" decoding=\"async\" class=\"alignnone wp-image-73 size-thumbnail\" src=\"http:\/\/deherbergrenesse.nl\/wp-content\/uploads\/2017\/11\/DSC_6958_2-150x150.jpg\" alt=\"\" width=\"150\" height=\"150\" \/><\/a><\/p>\n<p><\/div><\/p>\n","protected":false},"excerpt":{"rendered":"","protected":false},"author":1,"featured_media":286,"parent":0,"menu_order":0,"comment_status":"closed","ping_status":"closed","template":"","meta":{"footnotes":""},"class_list":["post-112","page","type-page","status-publish","has-post-thumbnail","hentry"],"translation":{"provider":"WPGlobus","version":"3.0.2","language":"de","enabled_languages":["nl","en","de"],"languages":{"nl":{"title":true,"content":true,"excerpt":false},"en":{"title":true,"content":true,"excerpt":false},"de":{"title":true,"content":true,"excerpt":false}}},"yoast_head":"<!-- This site is optimized with the Yoast SEO plugin v27.3 - https:\/\/yoast.com\/product\/yoast-seo-wordpress\/ -->\n<title>Unsere Hotelzimmer - De Herberg Renesse<\/title>\n<meta name=\"robots\" content=\"index, follow, max-snippet:-1, max-image-preview:large, max-video-preview:-1\" \/>\n<link rel=\"canonical\" href=\"https:\/\/deherbergrenesse.nl\/onze-kamers\/\" \/>\n<meta property=\"og:locale\" content=\"de_DE\" \/>\n<meta property=\"og:type\" content=\"article\" \/>\n<meta property=\"og:title\" content=\"Unsere Hotelzimmer - De Herberg Renesse\" \/>\n<meta property=\"og:url\" content=\"https:\/\/deherbergrenesse.nl\/onze-kamers\/\" \/>\n<meta property=\"og:site_name\" content=\"De Herberg Renesse\" \/>\n<meta property=\"article:modified_time\" content=\"2022-12-23T13:51:53+00:00\" \/>\n<meta property=\"og:image\" content=\"https:\/\/deherbergrenesse.nl\/wp-content\/uploads\/2017\/11\/kamer.jpg\" \/>\n\t<meta property=\"og:image:width\" content=\"1400\" \/>\n\t<meta property=\"og:image:height\" content=\"310\" \/>\n\t<meta property=\"og:image:type\" content=\"image\/jpeg\" \/>\n<meta name=\"twitter:card\" content=\"summary_large_image\" \/>\n<meta name=\"twitter:label1\" content=\"Gesch\u00e4tzte Lesezeit\" \/>\n\t<meta name=\"twitter:data1\" content=\"6\u00a0Minuten\" \/>\n<script type=\"application\/ld+json\" class=\"yoast-schema-graph\">{\"@context\":\"https:\\\/\\\/schema.org\",\"@graph\":[{\"@type\":\"WebPage\",\"@id\":\"https:\\\/\\\/deherbergrenesse.nl\\\/onze-kamers\\\/\",\"url\":\"https:\\\/\\\/deherbergrenesse.nl\\\/onze-kamers\\\/\",\"name\":\"Unsere Hotelzimmer - De Herberg Renesse\",\"isPartOf\":{\"@id\":\"https:\\\/\\\/deherbergrenesse.nl\\\/#website\"},\"primaryImageOfPage\":{\"@id\":\"https:\\\/\\\/deherbergrenesse.nl\\\/onze-kamers\\\/#primaryimage\"},\"image\":{\"@id\":\"https:\\\/\\\/deherbergrenesse.nl\\\/onze-kamers\\\/#primaryimage\"},\"thumbnailUrl\":\"https:\\\/\\\/deherbergrenesse.nl\\\/wp-content\\\/uploads\\\/2017\\\/11\\\/kamer.jpg\",\"datePublished\":\"2017-11-16T10:39:37+00:00\",\"dateModified\":\"2022-12-23T13:51:53+00:00\",\"description\":\"Mooie kamers (hotelkamers, familiekamers en pensionkamers) in De Herberg in Renesse. Mooie uitvalsbasis voor natuur en strand in Schouwen-Duiveland, Zeeland\",\"breadcrumb\":{\"@id\":\"https:\\\/\\\/deherbergrenesse.nl\\\/onze-kamers\\\/#breadcrumb\"},\"inLanguage\":\"de\",\"potentialAction\":[{\"@type\":\"ReadAction\",\"target\":[\"https:\\\/\\\/deherbergrenesse.nl\\\/onze-kamers\\\/\"]}]},{\"@type\":\"ImageObject\",\"inLanguage\":\"de\",\"@id\":\"https:\\\/\\\/deherbergrenesse.nl\\\/onze-kamers\\\/#primaryimage\",\"url\":\"https:\\\/\\\/deherbergrenesse.nl\\\/wp-content\\\/uploads\\\/2017\\\/11\\\/kamer.jpg\",\"contentUrl\":\"https:\\\/\\\/deherbergrenesse.nl\\\/wp-content\\\/uploads\\\/2017\\\/11\\\/kamer.jpg\",\"width\":1400,\"height\":310},{\"@type\":\"BreadcrumbList\",\"@id\":\"https:\\\/\\\/deherbergrenesse.nl\\\/onze-kamers\\\/#breadcrumb\",\"itemListElement\":[{\"@type\":\"ListItem\",\"position\":1,\"name\":\"Home\",\"item\":\"https:\\\/\\\/deherbergrenesse.nl\\\/\"},{\"@type\":\"ListItem\",\"position\":2,\"name\":\"Onze hotelkamers\"}]},{\"@type\":\"WebSite\",\"@id\":\"https:\\\/\\\/deherbergrenesse.nl\\\/#website\",\"url\":\"https:\\\/\\\/deherbergrenesse.nl\\\/\",\"name\":\"De Herberg Renesse\",\"description\":\"\",\"potentialAction\":[{\"@type\":\"SearchAction\",\"target\":{\"@type\":\"EntryPoint\",\"urlTemplate\":\"https:\\\/\\\/deherbergrenesse.nl\\\/?s={search_term_string}\"},\"query-input\":{\"@type\":\"PropertyValueSpecification\",\"valueRequired\":true,\"valueName\":\"search_term_string\"}}],\"inLanguage\":\"de\"}]}<\/script>\n<!-- \/ Yoast SEO plugin. -->","yoast_head_json":{"title":"Unsere Hotelzimmer - De Herberg Renesse","robots":{"index":"index","follow":"follow","max-snippet":"max-snippet:-1","max-image-preview":"max-image-preview:large","max-video-preview":"max-video-preview:-1"},"canonical":"https:\/\/deherbergrenesse.nl\/onze-kamers\/","og_locale":"de_DE","og_type":"article","og_title":"Unsere Hotelzimmer - De Herberg Renesse","og_url":"https:\/\/deherbergrenesse.nl\/onze-kamers\/","og_site_name":"De Herberg Renesse","article_modified_time":"2022-12-23T13:51:53+00:00","og_image":[{"width":1400,"height":310,"url":"https:\/\/deherbergrenesse.nl\/wp-content\/uploads\/2017\/11\/kamer.jpg","type":"image\/jpeg"}],"twitter_card":"summary_large_image","twitter_misc":{"Gesch\u00e4tzte Lesezeit":"6\u00a0Minuten"},"schema":{"@context":"https:\/\/schema.org","@graph":[{"@type":"WebPage","@id":"https:\/\/deherbergrenesse.nl\/onze-kamers\/","url":"https:\/\/deherbergrenesse.nl\/onze-kamers\/","name":"Unsere Hotelzimmer - De Herberg Renesse","isPartOf":{"@id":"https:\/\/deherbergrenesse.nl\/#website"},"primaryImageOfPage":{"@id":"https:\/\/deherbergrenesse.nl\/onze-kamers\/#primaryimage"},"image":{"@id":"https:\/\/deherbergrenesse.nl\/onze-kamers\/#primaryimage"},"thumbnailUrl":"https:\/\/deherbergrenesse.nl\/wp-content\/uploads\/2017\/11\/kamer.jpg","datePublished":"2017-11-16T10:39:37+00:00","dateModified":"2022-12-23T13:51:53+00:00","description":"Mooie kamers (hotelkamers, familiekamers en pensionkamers) in De Herberg in Renesse. Mooie uitvalsbasis voor natuur en strand in Schouwen-Duiveland, Zeeland","breadcrumb":{"@id":"https:\/\/deherbergrenesse.nl\/onze-kamers\/#breadcrumb"},"inLanguage":"de","potentialAction":[{"@type":"ReadAction","target":["https:\/\/deherbergrenesse.nl\/onze-kamers\/"]}]},{"@type":"ImageObject","inLanguage":"de","@id":"https:\/\/deherbergrenesse.nl\/onze-kamers\/#primaryimage","url":"https:\/\/deherbergrenesse.nl\/wp-content\/uploads\/2017\/11\/kamer.jpg","contentUrl":"https:\/\/deherbergrenesse.nl\/wp-content\/uploads\/2017\/11\/kamer.jpg","width":1400,"height":310},{"@type":"BreadcrumbList","@id":"https:\/\/deherbergrenesse.nl\/onze-kamers\/#breadcrumb","itemListElement":[{"@type":"ListItem","position":1,"name":"Home","item":"https:\/\/deherbergrenesse.nl\/"},{"@type":"ListItem","position":2,"name":"Onze hotelkamers"}]},{"@type":"WebSite","@id":"https:\/\/deherbergrenesse.nl\/#website","url":"https:\/\/deherbergrenesse.nl\/","name":"De Herberg Renesse","description":"","potentialAction":[{"@type":"SearchAction","target":{"@type":"EntryPoint","urlTemplate":"https:\/\/deherbergrenesse.nl\/?s={search_term_string}"},"query-input":{"@type":"PropertyValueSpecification","valueRequired":true,"valueName":"search_term_string"}}],"inLanguage":"de"}]}},"_links":{"self":[{"href":"https:\/\/deherbergrenesse.nl\/de\/wp-json\/wp\/v2\/pages\/112","targetHints":{"allow":["GET"]}}],"collection":[{"href":"https:\/\/deherbergrenesse.nl\/de\/wp-json\/wp\/v2\/pages"}],"about":[{"href":"https:\/\/deherbergrenesse.nl\/de\/wp-json\/wp\/v2\/types\/page"}],"author":[{"embeddable":true,"href":"https:\/\/deherbergrenesse.nl\/de\/wp-json\/wp\/v2\/users\/1"}],"replies":[{"embeddable":true,"href":"https:\/\/deherbergrenesse.nl\/de\/wp-json\/wp\/v2\/comments?post=112"}],"version-history":[{"count":69,"href":"https:\/\/deherbergrenesse.nl\/de\/wp-json\/wp\/v2\/pages\/112\/revisions"}],"predecessor-version":[{"id":666,"href":"https:\/\/deherbergrenesse.nl\/de\/wp-json\/wp\/v2\/pages\/112\/revisions\/666"}],"wp:featuredmedia":[{"embeddable":true,"href":"https:\/\/deherbergrenesse.nl\/de\/wp-json\/wp\/v2\/media\/286"}],"wp:attachment":[{"href":"https:\/\/deherbergrenesse.nl\/de\/wp-json\/wp\/v2\/media?parent=112"}],"curies":[{"name":"wp","href":"https:\/\/api.w.org\/{rel}","templated":true}]}}