{"id":204,"date":"2017-11-17T15:57:16","date_gmt":"2017-11-17T14:57:16","guid":{"rendered":"http:\/\/deherbergrenesse.nl\/?page_id=204"},"modified":"2022-12-13T18:36:52","modified_gmt":"2022-12-13T17:36:52","slug":"onze-appartementen","status":"publish","type":"page","link":"https:\/\/deherbergrenesse.nl\/de\/onze-appartementen\/","title":{"rendered":"Unsere Appartements"},"content":{"rendered":"<p>Seit 2017 verf\u00fcgt De Herberg \u00fcber zwei komplett neue Appartements.<br \/>\nDiese sind sehr komfortabel und nach den neusten Wohntrends ausgestattet mit einem gem\u00fctlichen stimmungsvollen Flair.<\/p>\n<div class=\"one_half fadeIn\">\n<h4><strong>Appartement \u2018Het Melkmeisje\u2019<\/strong><br \/>\n<span style=\"font-size: 12pt;\">(2-4 Personen)<\/span><\/h4>\n<p>Dieses Luxus Appartement auf 50m2 hat eine H\u00e4usliche Atmosph\u00e4re und ist im Skandinavisch\/l\u00e4ndlichem Stil eingerichtet, bestehend aus einem Wohnzimmer was ebenfalls als erstes Schlafzimmer benutzt wird, mit zwei Einzelbetten von einer L\u00e4nge von 2.00m und einer gem\u00fctlichen Sitzecke mit einem HD Smart Fernseher, Klimaanlage, einem Safe und kostenlosem WLAN.<br \/>\nEinem zwei Personen Schlafzimmer mit zwei Einzelbetten von einer L\u00e4nge von 2.10m sowie verschiedene Kleider und W\u00e4scheschr\u00e4nke.<\/p>\n<p>Unter anderem besteht das Appartement aus einer modernen K\u00fcche, ausgestattet mit K\u00fchlschrank, Keramischer Kochplatte, Microwelle, Wasserkocher, Nespresso Kaffee Maschine, \u00a0nachhaltige Seife von Marcel\u2019s Green Soap,\u00a0Staubsauger und einem W\u00e4schest\u00e4nder.<br \/>\nGer\u00e4umigem Badezimmer mit doppeltem Waschbecken Begehbarer Dusche tiefer gelegter Badewanne und separater Toilette.<br \/>\nDieses Appartement ist Inklusive Bettw\u00e4sche Handt\u00fcchern und einem K\u00fcchen Paket.<\/p>\n<p>Exklusive Fr\u00fchst\u00fcck und Kurtaxe.<br \/>\nEinchecken T\u00e4glich zwischen 15:00 und 21.00 Uhr.\u00a0Auschecken bis 10.00 Uhr.<\/p>\n<p>Die Kaution f\u00fcr dieses Appartement betr\u00e4gt \u20ac 100,-.<\/p>\n<p><a class=\"read-more\" href=\"https:\/\/reservations.cubilis.eu\/pension-de-herberg-renesse?Language=de-DE&amp;Room=26247\" target=\"_blank\" rel=\"noopener noreferrer\">Verf\u00fcgbarkeit &amp; Preis <i class=\"fa fa-angle-right mideum\"><\/i><\/a><br \/>\n<a id=\"6persoons\"><\/a><\/p>\n<p><\/div> <div class=\"one_half fadeInRight last_column\"><a  href=\"http:\/\/deherbergrenesse.nl\/wp-content\/uploads\/2017\/11\/800-26-april-2017-Pensioen-de-Herberg-Renesse-4494.jpg\" data-rel=\"lightbox-gallery-0\" data-rl_title=\"\" data-rl_caption=\"\" title=\"\"><img loading=\"lazy\" decoding=\"async\" class=\"alignnone wp-image-34 size-thumbnail\" src=\"http:\/\/deherbergrenesse.nl\/wp-content\/uploads\/2017\/11\/800-26-april-2017-Pensioen-de-Herberg-Renesse-4494-150x150.jpg\" alt=\"Appartement 2-4 personen\" width=\"150\" height=\"150\" \/><\/a>\u00a0 <img loading=\"lazy\" decoding=\"async\" class=\"alignnone wp-image-237 size-full\" src=\"http:\/\/deherbergrenesse.nl\/wp-content\/uploads\/2017\/11\/zand-150-150.jpg\" alt=\"\" width=\"150\" height=\"150\" \/>\u00a0 <a  href=\"http:\/\/deherbergrenesse.nl\/wp-content\/uploads\/2017\/11\/800-26-april-2017-Pensioen-de-Herberg-Renesse-4505.jpg\" data-rel=\"lightbox-gallery-0\" data-rl_title=\"\" data-rl_caption=\"\" title=\"\"><img loading=\"lazy\" decoding=\"async\" class=\"alignnone wp-image-36 size-thumbnail\" src=\"http:\/\/deherbergrenesse.nl\/wp-content\/uploads\/2017\/11\/800-26-april-2017-Pensioen-de-Herberg-Renesse-4505-150x150.jpg\" alt=\"Appartement 2-4 personen\" width=\"150\" height=\"150\" \/><\/a>\u00a0 <a  href=\"http:\/\/deherbergrenesse.nl\/wp-content\/uploads\/2017\/11\/800-26-april-2017-Pensioen-de-Herberg-Renesse-4522.jpg\" data-rel=\"lightbox-gallery-0\" data-rl_title=\"\" data-rl_caption=\"\" title=\"\"><img loading=\"lazy\" decoding=\"async\" class=\"alignnone wp-image-39 size-thumbnail\" src=\"http:\/\/deherbergrenesse.nl\/wp-content\/uploads\/2017\/11\/800-26-april-2017-Pensioen-de-Herberg-Renesse-4522-150x150.jpg\" alt=\"Appartement 2-4 personen\" width=\"150\" height=\"150\" \/><\/a>\u00a0 <a  href=\"http:\/\/deherbergrenesse.nl\/wp-content\/uploads\/2017\/11\/800-26-april-2017-Pensioen-de-Herberg-Renesse-4459.jpg\" data-rel=\"lightbox-gallery-0\" data-rl_title=\"\" data-rl_caption=\"\" title=\"\"><img loading=\"lazy\" decoding=\"async\" class=\"alignnone wp-image-29 size-thumbnail\" src=\"http:\/\/deherbergrenesse.nl\/wp-content\/uploads\/2017\/11\/800-26-april-2017-Pensioen-de-Herberg-Renesse-4459-150x150.jpg\" alt=\"Appartement 2-4 personen\" width=\"150\" height=\"150\" \/><\/a>\u00a0\u00a0<img loading=\"lazy\" decoding=\"async\" class=\"alignnone wp-image-236 size-full\" src=\"http:\/\/deherbergrenesse.nl\/wp-content\/uploads\/2017\/11\/zee-150-150.jpg\" alt=\"\" width=\"150\" height=\"150\" \/>\u00a0 <img loading=\"lazy\" decoding=\"async\" class=\"alignnone wp-image-238 size-full\" src=\"http:\/\/deherbergrenesse.nl\/wp-content\/uploads\/2017\/11\/duin-150-150.jpg\" alt=\"\" width=\"150\" height=\"150\" \/>\u00a0 <a  href=\"http:\/\/deherbergrenesse.nl\/wp-content\/uploads\/2017\/11\/terras1.png\" data-rel=\"lightbox-gallery-0\" data-rl_title=\"\" data-rl_caption=\"\" title=\"\"><img loading=\"lazy\" decoding=\"async\" class=\"alignnone wp-image-166 size-thumbnail\" src=\"http:\/\/deherbergrenesse.nl\/wp-content\/uploads\/2017\/11\/terras1-150x150.png\" alt=\"Terras van De Herberg Renesse\" width=\"150\" height=\"150\" \/><\/a>\u00a0 <a  href=\"http:\/\/deherbergrenesse.nl\/wp-content\/uploads\/2017\/11\/terras5.png\" data-rel=\"lightbox-gallery-0\" data-rl_title=\"\" data-rl_caption=\"\" title=\"\"><img loading=\"lazy\" decoding=\"async\" class=\"alignnone wp-image-179 size-thumbnail\" src=\"http:\/\/deherbergrenesse.nl\/wp-content\/uploads\/2017\/11\/terras5-150x150.png\" alt=\"Terras van De Herberg Renesse\" width=\"150\" height=\"150\" \/><\/a><br \/>\n<\/div><\/p>\n<hr \/>\n<div class=\"one_half fadeIn\">\n<h4><strong>Appartement \u2018Meisje met de parel\u2019<\/strong><br \/>\n<span style=\"font-size: 12pt;\">(1-6 personen)<\/span><\/h4>\n<p>Dieses Luxus Appartement auf 50 m2 hat eine H\u00e4usliche Ausstrahlung und ist in skandinavisch\/L\u00e4ndlichem Stil mit klassischen Einfl\u00fcssen eingerichtet.<br \/>\nAu\u00dfergew\u00f6hnlich an diesem Appartement ist die gem\u00fctliche Schlaf-Vide, die mit einer kleinen Treppe zu erreichen ist. In der Vide sind zwei Einzelbetten mit einer L\u00e4nge von 2.0 m vorhanden.<br \/>\nNeben der Vide sind zwei weitere Schlafzimmer vorhanden. Im ersten Zimmer stehen zwei Einzelbetten mit einer L\u00e4nge von 2.0 m. Sowie eine Klimaanlage, einem Safe und gratis WLAN.<br \/>\nSowie verschiedene Kleider und W\u00e4scheschr\u00e4nke und einem Sekret\u00e4r.<br \/>\nIm zweiten Zimmer, wo sich auch die gem\u00fctlich komfortable Sitzecke mit HD Smart Fernsehen befindet, stehen zwei Einzelbetten mit einer L\u00e4nge von 2.10 m, die mit einer Top Matratze miteinander verbunden sind.<\/p>\n<p>Weiterhin verf\u00fcgt das Appartement \u00fcber eine moderne K\u00fcche mit gro\u00dfem Esstisch, K\u00fchlschrank, keramischer Kochplatte, Microwelle, Wasserkocher, Nespresso Kaffeemaschine, nachhaltige Seife von Marcel\u2019s Green Soap, und einem W\u00e4schest\u00e4nder.<br \/>\nEinem ger\u00e4umigen Badezimmer mit doppeltem Waschbecken, begehbarer Dusche, tiefer gelegter Badewanne, Haartrockner, Toilettenartikel, einer Infrarotsauna und einer separaten Toilette.<\/p>\n<p>Dieses Appartement ist Inklusive Bettw\u00e4sche Handt\u00fcchern und einem K\u00fcchen Paket.\u00a0Einchecken T\u00e4glich zwischen 15:00 und 21.00 Uhr.\u00a0Auschecken bis 10.00 Uhr.<\/p>\n<p>Die Kaution f\u00fcr dieses Appartement betr\u00e4gt \u20ac100,00.<\/p>\n<p><a class=\"read-more\" href=\"https:\/\/reservations.cubilis.eu\/pension-de-herberg-renesse?Language=de-DE&amp;Room=26246\" target=\"_blank\" rel=\"noopener noreferrer\">Verf\u00fcgbarkeit und Preis<i class=\"fa fa-angle-right mideum\"><\/i><\/a><\/p>\n<p><\/div> <div class=\"one_half fadeInRight last_column\"><img loading=\"lazy\" decoding=\"async\" class=\"alignnone wp-image-236 size-full\" src=\"http:\/\/deherbergrenesse.nl\/wp-content\/uploads\/2017\/11\/zee-150-150.jpg\" alt=\"\" width=\"150\" height=\"150\" \/>\u00a0 <a  href=\"http:\/\/deherbergrenesse.nl\/wp-content\/uploads\/2017\/11\/800-26-april-2017-Pensioen-de-Herberg-Renesse-4653.jpg\" data-rel=\"lightbox-gallery-0\" data-rl_title=\"\" data-rl_caption=\"\" title=\"\"><img loading=\"lazy\" decoding=\"async\" class=\"alignnone wp-image-66 size-thumbnail\" src=\"http:\/\/deherbergrenesse.nl\/wp-content\/uploads\/2017\/11\/800-26-april-2017-Pensioen-de-Herberg-Renesse-4653-150x150.jpg\" alt=\"Appartement 1-6 personen\" width=\"150\" height=\"150\" \/><\/a>\u00a0\u00a0<a  href=\"http:\/\/deherbergrenesse.nl\/wp-content\/uploads\/2017\/11\/800-26-april-2017-Pensioen-de-Herberg-Renesse-4525.jpg\" data-rel=\"lightbox-gallery-0\" data-rl_title=\"\" data-rl_caption=\"\" title=\"\"><img loading=\"lazy\" decoding=\"async\" class=\"alignnone wp-image-45 size-thumbnail\" src=\"http:\/\/deherbergrenesse.nl\/wp-content\/uploads\/2017\/11\/800-26-april-2017-Pensioen-de-Herberg-Renesse-4525-150x150.jpg\" alt=\"Appartement 1-6 personen\" width=\"150\" height=\"150\" \/><\/a>\u00a0 <a  href=\"http:\/\/deherbergrenesse.nl\/wp-content\/uploads\/2017\/11\/800-26-april-2017-Pensioen-de-Herberg-Renesse-4622.jpg\" data-rel=\"lightbox-gallery-0\" data-rl_title=\"\" data-rl_caption=\"\" title=\"\"><img loading=\"lazy\" decoding=\"async\" class=\"alignnone wp-image-64 size-thumbnail\" src=\"http:\/\/deherbergrenesse.nl\/wp-content\/uploads\/2017\/11\/800-26-april-2017-Pensioen-de-Herberg-Renesse-4622-150x150.jpg\" alt=\"Appartement 1-6 personen\" width=\"150\" height=\"150\" \/><\/a>\u00a0\u00a0<img loading=\"lazy\" decoding=\"async\" class=\"alignnone wp-image-238 size-full\" src=\"http:\/\/deherbergrenesse.nl\/wp-content\/uploads\/2017\/11\/duin-150-150.jpg\" alt=\"\" width=\"150\" height=\"150\" \/>\u00a0 <a  href=\"http:\/\/deherbergrenesse.nl\/wp-content\/uploads\/2017\/11\/800-26-april-2017-Pensioen-de-Herberg-Renesse-4568.jpg\" data-rel=\"lightbox-gallery-0\" data-rl_title=\"\" data-rl_caption=\"\" title=\"\"><img loading=\"lazy\" decoding=\"async\" class=\"alignnone wp-image-50 size-thumbnail\" src=\"http:\/\/deherbergrenesse.nl\/wp-content\/uploads\/2017\/11\/800-26-april-2017-Pensioen-de-Herberg-Renesse-4568-150x150.jpg\" alt=\"Appartement 1-6 personen\" width=\"150\" height=\"150\" \/><\/a>\u00a0 <a  href=\"http:\/\/deherbergrenesse.nl\/wp-content\/uploads\/2017\/11\/800-26-april-2017-Pensioen-de-Herberg-Renesse-4611.jpg\" data-rel=\"lightbox-gallery-0\" data-rl_title=\"\" data-rl_caption=\"\" title=\"\"><img loading=\"lazy\" decoding=\"async\" class=\"alignnone wp-image-60 size-thumbnail\" src=\"http:\/\/deherbergrenesse.nl\/wp-content\/uploads\/2017\/11\/800-26-april-2017-Pensioen-de-Herberg-Renesse-4611-150x150.jpg\" alt=\"Appartement 1-6 personen\" width=\"150\" height=\"150\" \/><\/a>\u00a0 <a  href=\"http:\/\/deherbergrenesse.nl\/wp-content\/uploads\/2017\/11\/terras2.png\" data-rel=\"lightbox-gallery-0\" data-rl_title=\"\" data-rl_caption=\"\" title=\"\"><img loading=\"lazy\" decoding=\"async\" class=\"alignnone wp-image-177 size-thumbnail\" src=\"http:\/\/deherbergrenesse.nl\/wp-content\/uploads\/2017\/11\/terras2-150x150.png\" alt=\"Terras van De Herberg Renesse\" width=\"150\" height=\"150\" \/><\/a>\u00a0\u00a0<img loading=\"lazy\" decoding=\"async\" class=\"alignnone wp-image-237 size-full\" src=\"http:\/\/deherbergrenesse.nl\/wp-content\/uploads\/2017\/11\/zand-150-150.jpg\" alt=\"\" width=\"150\" height=\"150\" \/><\/div><\/p>\n<p>&nbsp;<\/p>\n<hr \/>\n<div class=\"one_half fadeIn\">\n<h4><strong>APPARTEMENT \u2018DE PARADIJSVOGEL\u2019<\/strong><br \/>\n(4 personen)<\/h4>\n<p>Diese Wohnung hat eine Fl\u00e4che von 35 m2. Es ist daher eine sehr gem\u00fctliche Wohnung und dar\u00fcber hinaus mit allem Komfort ausgestattet! Es ist sehr effizient und modern eingerichtet. Der Stil ist einfach mit einem Hauch von Land und absolut modern. Die urspr\u00fcnglichen, klassischen Elemente des Geb\u00e4udes sind deutlich sichtbar und machen die R\u00e4ume noch stimmungsvoller. Die Wohnung besteht aus einem Wohnzimmer mit einem gem\u00fctlichen Essbereich und einer modernen K\u00fcche mit einem &#8222;Zwei-Flammen&#8220; -Keramikherd und einem ger\u00e4umigen K\u00fchlschrank.<br \/>\nIm Wohnzimmer finden Sie auch einen HD-Smart-Fernseher. Es gibt auch zwei Schlafzimmer in der Wohnung, von denen eines mit einem Etagenbett ausgestattet ist und das andere \u00fcber zwei getrennte Betten verf\u00fcgt, die durch eine Doppelmatratze verbunden sind. Diese Betten haben eine L\u00e4nge von 2,10 m. Das neue, moderne Badezimmer mit ebenerdiger Dusche ist von beiden Schlafzimmern aus erreichbar. Die gesamte Wohnung verf\u00fcgt \u00fcber ausreichend Steckdosen mit USB-Anschluss. Der Blick auf die Ringstra\u00dfe von Renesse macht dieses &#8222;Zuhause auf Zeit&#8220; einzigartig!<\/p>\n<p>Weitere Einrichtungen: mehrere H\u00e4nge- und \/ oder Schr\u00e4nke, Wasserkocher, Nespresso-Kaffeemaschine, nachhaltige Seife von Marcel&#8217;s Green Soap, Haartrockner, Toilettenartikel, Safe und kostenloses WLAN.<\/p>\n<p>Dieses Appartement ist Inklusive Bettw\u00e4sche Handt\u00fcchern und einem K\u00fcchen Paket.\u00a0Einchecken T\u00e4glich zwischen 15:00 und 21.00 Uhr.\u00a0Auschecken bis 10.00 Uhr.<\/p>\n<p>Die Kaution f\u00fcr dieses Appartement betr\u00e4gt \u20ac100,00.<\/p>\n<p><a class=\"read-more\" href=\"https:\/\/reservations.cubilis.eu\/pension-de-herberg-renesse?Language=de-DE\" target=\"_blank\" rel=\"noopener noreferrer\">Verf\u00fcgbarkeit und Preis<i class=\"fa fa-angle-right mideum\"><\/i><\/a><\/p>\n<p><\/div> <div class=\"one_half fadeInRight last_column\"><img loading=\"lazy\" decoding=\"async\" class=\"alignnone wp-image-238 size-full\" src=\"https:\/\/deherbergrenesse.nl\/wp-content\/uploads\/2017\/11\/duin-150-150.jpg\" alt=\"\" width=\"150\" height=\"150\" \/>\u00a0 <a  href=\"https:\/\/deherbergrenesse.nl\/wp-content\/uploads\/2019\/11\/7-november-2019-Pension-de-Herberg-Renesse-03446.jpg\" data-rel=\"lightbox-gallery-0\" data-rl_title=\"\" data-rl_caption=\"\" title=\"\"><img loading=\"lazy\" decoding=\"async\" class=\"alignnone wp-image-588 size-thumbnail\" src=\"https:\/\/deherbergrenesse.nl\/wp-content\/uploads\/2019\/11\/7-november-2019-Pension-de-Herberg-Renesse-03446-150x150.jpg\" alt=\"\" width=\"150\" height=\"150\" \/><\/a>\u00a0\u00a0<a  href=\"https:\/\/deherbergrenesse.nl\/wp-content\/uploads\/2019\/11\/7-november-2019-Pension-de-Herberg-Renesse-03436.jpg\" data-rel=\"lightbox-gallery-0\" data-rl_title=\"\" data-rl_caption=\"\" title=\"\"><img loading=\"lazy\" decoding=\"async\" class=\"alignnone wp-image-587 size-thumbnail\" src=\"https:\/\/deherbergrenesse.nl\/wp-content\/uploads\/2019\/11\/7-november-2019-Pension-de-Herberg-Renesse-03436-150x150.jpg\" alt=\"\" width=\"150\" height=\"150\" \/><\/a>\u00a0 <a  href=\"https:\/\/deherbergrenesse.nl\/wp-content\/uploads\/2019\/11\/7-november-2019-Pension-de-Herberg-Renesse-03414.jpg\" data-rel=\"lightbox-gallery-0\" data-rl_title=\"\" data-rl_caption=\"\" title=\"\"><img loading=\"lazy\" decoding=\"async\" class=\"alignnone wp-image-585 size-thumbnail\" src=\"https:\/\/deherbergrenesse.nl\/wp-content\/uploads\/2019\/11\/7-november-2019-Pension-de-Herberg-Renesse-03414-150x150.jpg\" alt=\"\" width=\"150\" height=\"150\" \/><\/a>\u00a0\u00a0<img loading=\"lazy\" decoding=\"async\" class=\"alignnone wp-image-236 size-full\" src=\"https:\/\/deherbergrenesse.nl\/wp-content\/uploads\/2017\/11\/zee-150-150.jpg\" alt=\"\" width=\"150\" height=\"150\" \/>\u00a0 <a  href=\"https:\/\/deherbergrenesse.nl\/wp-content\/uploads\/2019\/11\/7-november-2019-Pension-de-Herberg-Renesse-03525.jpg\" data-rel=\"lightbox-gallery-0\" data-rl_title=\"\" data-rl_caption=\"\" title=\"\"><img loading=\"lazy\" decoding=\"async\" class=\"alignnone wp-image-592 size-thumbnail\" src=\"https:\/\/deherbergrenesse.nl\/wp-content\/uploads\/2019\/11\/7-november-2019-Pension-de-Herberg-Renesse-03525-150x150.jpg\" alt=\"\" width=\"150\" height=\"150\" \/><\/a>\u00a0 <a  href=\"https:\/\/deherbergrenesse.nl\/wp-content\/uploads\/2019\/11\/7-november-2019-Pension-de-Herberg-Renesse-03473.jpg\" data-rel=\"lightbox-gallery-0\" data-rl_title=\"\" data-rl_caption=\"\" title=\"\"><img loading=\"lazy\" decoding=\"async\" class=\"alignnone wp-image-590 size-thumbnail\" src=\"https:\/\/deherbergrenesse.nl\/wp-content\/uploads\/2019\/11\/7-november-2019-Pension-de-Herberg-Renesse-03473-150x150.jpg\" alt=\"\" width=\"150\" height=\"150\" \/><\/a>\u00a0 <a  href=\"https:\/\/deherbergrenesse.nl\/wp-content\/uploads\/2019\/11\/7-november-2019-Pension-de-Herberg-Renesse-03505.jpg\" data-rel=\"lightbox-gallery-0\" data-rl_title=\"\" data-rl_caption=\"\" title=\"\"><img loading=\"lazy\" decoding=\"async\" class=\"alignnone wp-image-591 size-thumbnail\" src=\"https:\/\/deherbergrenesse.nl\/wp-content\/uploads\/2019\/11\/7-november-2019-Pension-de-Herberg-Renesse-03505-150x150.jpg\" alt=\"\" width=\"150\" height=\"150\" \/><\/a>\u00a0\u00a0<img loading=\"lazy\" decoding=\"async\" class=\"alignnone wp-image-237 size-full\" src=\"http:\/\/deherbergrenesse.nl\/wp-content\/uploads\/2017\/11\/zand-150-150.jpg\" alt=\"\" width=\"150\" height=\"150\" \/><\/div><\/p>\n<p>&nbsp;<\/p>\n","protected":false},"excerpt":{"rendered":"<p>Seit 2017 verf\u00fcgt De Herberg \u00fcber zwei komplett neue Appartements. Diese sind sehr komfortabel und nach den neusten Wohntrends ausgestattet mit einem gem\u00fctlichen stimmungsvollen Flair. &nbsp; &nbsp;<\/p>\n","protected":false},"author":1,"featured_media":261,"parent":0,"menu_order":0,"comment_status":"closed","ping_status":"closed","template":"","meta":{"footnotes":""},"class_list":["post-204","page","type-page","status-publish","has-post-thumbnail","hentry"],"translation":{"provider":"WPGlobus","version":"3.0.2","language":"de","enabled_languages":["nl","en","de"],"languages":{"nl":{"title":true,"content":true,"excerpt":false},"en":{"title":true,"content":true,"excerpt":false},"de":{"title":true,"content":true,"excerpt":false}}},"yoast_head":"<!-- This site is optimized with the Yoast SEO plugin v27.5 - https:\/\/yoast.com\/product\/yoast-seo-wordpress\/ -->\n<title>Unsere Appartements - De Herberg Renesse<\/title>\n<meta name=\"robots\" content=\"index, follow, max-snippet:-1, max-image-preview:large, max-video-preview:-1\" \/>\n<link rel=\"canonical\" href=\"https:\/\/deherbergrenesse.nl\/onze-appartementen\/\" \/>\n<meta property=\"og:locale\" content=\"de_DE\" \/>\n<meta property=\"og:type\" content=\"article\" \/>\n<meta property=\"og:title\" content=\"Unsere Appartements - De Herberg Renesse\" \/>\n<meta property=\"og:url\" content=\"https:\/\/deherbergrenesse.nl\/onze-appartementen\/\" \/>\n<meta property=\"og:site_name\" content=\"De Herberg Renesse\" \/>\n<meta property=\"article:modified_time\" content=\"2022-12-13T17:36:52+00:00\" \/>\n<meta property=\"og:image\" content=\"https:\/\/deherbergrenesse.nl\/wp-content\/uploads\/2017\/11\/deurknoppen.jpg\" \/>\n\t<meta property=\"og:image:width\" content=\"1400\" \/>\n\t<meta property=\"og:image:height\" content=\"310\" \/>\n\t<meta property=\"og:image:type\" content=\"image\/jpeg\" \/>\n<meta name=\"twitter:card\" content=\"summary_large_image\" \/>\n<meta name=\"twitter:label1\" content=\"Gesch\u00e4tzte Lesezeit\" \/>\n\t<meta name=\"twitter:data1\" content=\"11\u00a0Minuten\" \/>\n<script type=\"application\/ld+json\" class=\"yoast-schema-graph\">{\"@context\":\"https:\\\/\\\/schema.org\",\"@graph\":[{\"@type\":\"WebPage\",\"@id\":\"https:\\\/\\\/deherbergrenesse.nl\\\/onze-appartementen\\\/\",\"url\":\"https:\\\/\\\/deherbergrenesse.nl\\\/onze-appartementen\\\/\",\"name\":\"Unsere Appartements - De Herberg Renesse\",\"isPartOf\":{\"@id\":\"https:\\\/\\\/deherbergrenesse.nl\\\/#website\"},\"primaryImageOfPage\":{\"@id\":\"https:\\\/\\\/deherbergrenesse.nl\\\/onze-appartementen\\\/#primaryimage\"},\"image\":{\"@id\":\"https:\\\/\\\/deherbergrenesse.nl\\\/onze-appartementen\\\/#primaryimage\"},\"thumbnailUrl\":\"https:\\\/\\\/deherbergrenesse.nl\\\/wp-content\\\/uploads\\\/2017\\\/11\\\/deurknoppen.jpg\",\"datePublished\":\"2017-11-17T14:57:16+00:00\",\"dateModified\":\"2022-12-13T17:36:52+00:00\",\"breadcrumb\":{\"@id\":\"https:\\\/\\\/deherbergrenesse.nl\\\/onze-appartementen\\\/#breadcrumb\"},\"inLanguage\":\"de\",\"potentialAction\":[{\"@type\":\"ReadAction\",\"target\":[\"https:\\\/\\\/deherbergrenesse.nl\\\/onze-appartementen\\\/\"]}]},{\"@type\":\"ImageObject\",\"inLanguage\":\"de\",\"@id\":\"https:\\\/\\\/deherbergrenesse.nl\\\/onze-appartementen\\\/#primaryimage\",\"url\":\"https:\\\/\\\/deherbergrenesse.nl\\\/wp-content\\\/uploads\\\/2017\\\/11\\\/deurknoppen.jpg\",\"contentUrl\":\"https:\\\/\\\/deherbergrenesse.nl\\\/wp-content\\\/uploads\\\/2017\\\/11\\\/deurknoppen.jpg\",\"width\":1400,\"height\":310},{\"@type\":\"BreadcrumbList\",\"@id\":\"https:\\\/\\\/deherbergrenesse.nl\\\/onze-appartementen\\\/#breadcrumb\",\"itemListElement\":[{\"@type\":\"ListItem\",\"position\":1,\"name\":\"Home\",\"item\":\"https:\\\/\\\/deherbergrenesse.nl\\\/\"},{\"@type\":\"ListItem\",\"position\":2,\"name\":\"Onze appartementen\"}]},{\"@type\":\"WebSite\",\"@id\":\"https:\\\/\\\/deherbergrenesse.nl\\\/#website\",\"url\":\"https:\\\/\\\/deherbergrenesse.nl\\\/\",\"name\":\"De Herberg Renesse\",\"description\":\"\",\"potentialAction\":[{\"@type\":\"SearchAction\",\"target\":{\"@type\":\"EntryPoint\",\"urlTemplate\":\"https:\\\/\\\/deherbergrenesse.nl\\\/?s={search_term_string}\"},\"query-input\":{\"@type\":\"PropertyValueSpecification\",\"valueRequired\":true,\"valueName\":\"search_term_string\"}}],\"inLanguage\":\"de\"}]}<\/script>\n<!-- \/ Yoast SEO plugin. -->","yoast_head_json":{"title":"Unsere Appartements - De Herberg Renesse","robots":{"index":"index","follow":"follow","max-snippet":"max-snippet:-1","max-image-preview":"max-image-preview:large","max-video-preview":"max-video-preview:-1"},"canonical":"https:\/\/deherbergrenesse.nl\/onze-appartementen\/","og_locale":"de_DE","og_type":"article","og_title":"Unsere Appartements - De Herberg Renesse","og_url":"https:\/\/deherbergrenesse.nl\/onze-appartementen\/","og_site_name":"De Herberg Renesse","article_modified_time":"2022-12-13T17:36:52+00:00","og_image":[{"width":1400,"height":310,"url":"https:\/\/deherbergrenesse.nl\/wp-content\/uploads\/2017\/11\/deurknoppen.jpg","type":"image\/jpeg"}],"twitter_card":"summary_large_image","twitter_misc":{"Gesch\u00e4tzte Lesezeit":"11\u00a0Minuten"},"schema":{"@context":"https:\/\/schema.org","@graph":[{"@type":"WebPage","@id":"https:\/\/deherbergrenesse.nl\/onze-appartementen\/","url":"https:\/\/deherbergrenesse.nl\/onze-appartementen\/","name":"Unsere Appartements - De Herberg Renesse","isPartOf":{"@id":"https:\/\/deherbergrenesse.nl\/#website"},"primaryImageOfPage":{"@id":"https:\/\/deherbergrenesse.nl\/onze-appartementen\/#primaryimage"},"image":{"@id":"https:\/\/deherbergrenesse.nl\/onze-appartementen\/#primaryimage"},"thumbnailUrl":"https:\/\/deherbergrenesse.nl\/wp-content\/uploads\/2017\/11\/deurknoppen.jpg","datePublished":"2017-11-17T14:57:16+00:00","dateModified":"2022-12-13T17:36:52+00:00","breadcrumb":{"@id":"https:\/\/deherbergrenesse.nl\/onze-appartementen\/#breadcrumb"},"inLanguage":"de","potentialAction":[{"@type":"ReadAction","target":["https:\/\/deherbergrenesse.nl\/onze-appartementen\/"]}]},{"@type":"ImageObject","inLanguage":"de","@id":"https:\/\/deherbergrenesse.nl\/onze-appartementen\/#primaryimage","url":"https:\/\/deherbergrenesse.nl\/wp-content\/uploads\/2017\/11\/deurknoppen.jpg","contentUrl":"https:\/\/deherbergrenesse.nl\/wp-content\/uploads\/2017\/11\/deurknoppen.jpg","width":1400,"height":310},{"@type":"BreadcrumbList","@id":"https:\/\/deherbergrenesse.nl\/onze-appartementen\/#breadcrumb","itemListElement":[{"@type":"ListItem","position":1,"name":"Home","item":"https:\/\/deherbergrenesse.nl\/"},{"@type":"ListItem","position":2,"name":"Onze appartementen"}]},{"@type":"WebSite","@id":"https:\/\/deherbergrenesse.nl\/#website","url":"https:\/\/deherbergrenesse.nl\/","name":"De Herberg Renesse","description":"","potentialAction":[{"@type":"SearchAction","target":{"@type":"EntryPoint","urlTemplate":"https:\/\/deherbergrenesse.nl\/?s={search_term_string}"},"query-input":{"@type":"PropertyValueSpecification","valueRequired":true,"valueName":"search_term_string"}}],"inLanguage":"de"}]}},"_links":{"self":[{"href":"https:\/\/deherbergrenesse.nl\/de\/wp-json\/wp\/v2\/pages\/204","targetHints":{"allow":["GET"]}}],"collection":[{"href":"https:\/\/deherbergrenesse.nl\/de\/wp-json\/wp\/v2\/pages"}],"about":[{"href":"https:\/\/deherbergrenesse.nl\/de\/wp-json\/wp\/v2\/types\/page"}],"author":[{"embeddable":true,"href":"https:\/\/deherbergrenesse.nl\/de\/wp-json\/wp\/v2\/users\/1"}],"replies":[{"embeddable":true,"href":"https:\/\/deherbergrenesse.nl\/de\/wp-json\/wp\/v2\/comments?post=204"}],"version-history":[{"count":62,"href":"https:\/\/deherbergrenesse.nl\/de\/wp-json\/wp\/v2\/pages\/204\/revisions"}],"predecessor-version":[{"id":647,"href":"https:\/\/deherbergrenesse.nl\/de\/wp-json\/wp\/v2\/pages\/204\/revisions\/647"}],"wp:featuredmedia":[{"embeddable":true,"href":"https:\/\/deherbergrenesse.nl\/de\/wp-json\/wp\/v2\/media\/261"}],"wp:attachment":[{"href":"https:\/\/deherbergrenesse.nl\/de\/wp-json\/wp\/v2\/media?parent=204"}],"curies":[{"name":"wp","href":"https:\/\/api.w.org\/{rel}","templated":true}]}}