{"id":108,"date":"2017-11-16T11:33:09","date_gmt":"2017-11-16T10:33:09","guid":{"rendered":"http:\/\/deherbergrenesse.nl\/?page_id=108"},"modified":"2022-12-13T18:37:50","modified_gmt":"2022-12-13T17:37:50","slug":"omgeving","status":"publish","type":"page","link":"https:\/\/deherbergrenesse.nl\/en\/omgeving\/","title":{"rendered":"Surroundings"},"content":{"rendered":"<p><div class=\"one_half fadeIn last_column\"><br \/>\n<a  href=\"http:\/\/deherbergrenesse.nl\/wp-content\/uploads\/2017\/12\/800-renesse-kerk.jpg\" data-rel=\"lightbox-gallery-0\" data-rl_title=\"\" data-rl_caption=\"\" title=\"\"><img loading=\"lazy\" decoding=\"async\" class=\"alignnone wp-image-309 size-thumbnail\" src=\"http:\/\/deherbergrenesse.nl\/wp-content\/uploads\/2017\/12\/800-renesse-kerk-150x150.jpg\" alt=\"\" width=\"150\" height=\"150\" \/><\/a> <img loading=\"lazy\" decoding=\"async\" class=\"alignnone wp-image-237 size-full\" src=\"http:\/\/deherbergrenesse.nl\/wp-content\/uploads\/2017\/11\/zand-150-150.jpg\" alt=\"\" width=\"150\" height=\"150\" \/> <a  href=\"http:\/\/deherbergrenesse.nl\/wp-content\/uploads\/2017\/12\/800-strand2.jpg\" data-rel=\"lightbox-gallery-0\" data-rl_title=\"\" data-rl_caption=\"\" title=\"\"><img loading=\"lazy\" decoding=\"async\" class=\"alignnone wp-image-318 size-thumbnail\" src=\"http:\/\/deherbergrenesse.nl\/wp-content\/uploads\/2017\/12\/800-strand2-150x150.jpg\" alt=\"\" width=\"150\" height=\"150\" \/><\/a> <a  href=\"http:\/\/deherbergrenesse.nl\/wp-content\/uploads\/2017\/12\/800-markt-renesse.jpg\" data-rel=\"lightbox-gallery-0\" data-rl_title=\"\" data-rl_caption=\"\" title=\"\"><img loading=\"lazy\" decoding=\"async\" class=\"alignnone wp-image-324 size-thumbnail\" src=\"http:\/\/deherbergrenesse.nl\/wp-content\/uploads\/2017\/12\/800-markt-renesse-150x150.jpg\" alt=\"\" width=\"150\" height=\"150\" \/><\/a> <a  href=\"http:\/\/deherbergrenesse.nl\/wp-content\/uploads\/2017\/12\/800-Renesse-winkels.jpg\" data-rel=\"lightbox-gallery-0\" data-rl_title=\"\" data-rl_caption=\"\" title=\"\"><img loading=\"lazy\" decoding=\"async\" class=\"alignnone wp-image-311 size-thumbnail\" src=\"http:\/\/deherbergrenesse.nl\/wp-content\/uploads\/2017\/12\/800-Renesse-winkels-150x150.jpg\" alt=\"\" width=\"150\" height=\"150\" \/><\/a> <img loading=\"lazy\" decoding=\"async\" class=\"alignnone wp-image-236 size-full\" src=\"http:\/\/deherbergrenesse.nl\/wp-content\/uploads\/2017\/11\/zee-150-150.jpg\" alt=\"\" width=\"150\" height=\"150\" \/> <img loading=\"lazy\" decoding=\"async\" class=\"alignnone wp-image-238 size-full\" src=\"http:\/\/deherbergrenesse.nl\/wp-content\/uploads\/2017\/11\/duin-150-150.jpg\" alt=\"\" width=\"150\" height=\"150\" \/> <a  href=\"http:\/\/deherbergrenesse.nl\/wp-content\/uploads\/2017\/12\/800-strand4.jpg\" data-rel=\"lightbox-gallery-0\" data-rl_title=\"\" data-rl_caption=\"\" title=\"\"><img loading=\"lazy\" decoding=\"async\" class=\"alignnone wp-image-319 size-thumbnail\" src=\"http:\/\/deherbergrenesse.nl\/wp-content\/uploads\/2017\/12\/800-strand4-150x150.jpg\" alt=\"\" width=\"150\" height=\"150\" \/><\/a> <a  href=\"http:\/\/deherbergrenesse.nl\/wp-content\/uploads\/2017\/12\/800-renesse.jpg\" data-rel=\"lightbox-gallery-0\" data-rl_title=\"\" data-rl_caption=\"\" title=\"\"><img loading=\"lazy\" decoding=\"async\" class=\"alignnone wp-image-315 size-thumbnail\" src=\"http:\/\/deherbergrenesse.nl\/wp-content\/uploads\/2017\/12\/800-renesse-150x150.jpg\" alt=\"\" width=\"150\" height=\"150\" \/><\/a><br \/>\n<\/div><br \/>\n<div class=\"one_half fadeInRight last_column\"><\/p>\n<h4>Renesse<\/h4>\n<p>Renesse is a \u2018ringdorp\u2019 (a form of circular village) built around the gothic Jacobuskerk (Jacobus church). It is very attractive to tourists because it is ideal for family holidays. The coastal town has various beaches, terraces, shops and entertainment options. At the &#8216;Transferium&#8217; located on the outskirts of the village you can park your car for free and then travel between 15th May and 15th September easily and for free by bus to the nearby villages and campsites.<\/p>\n<p>The sandy Renesse beach is approximately 17 km long and is located next to the Westerschouwen forest. The Renesse beaches have repeatedly won awards for being so clean. They are divided into family beaches, water sports beaches and nature beaches. Seals can regularly be seen on the sandbanks off the coast of Renesse. The number of seals in Zeeland waters has been increasing lately.<br \/>\nOne popular event in Renesse is, for example, the &#8216;Fjoertoer&#8217;, an annual event where an evening walk is made over the beach and through the woods, passing various illuminated objects. The annual &#8216;Stra\u00f4&#8217; is also a special event where a colourful parade of decorated horses moves through the village to the beach to where the horses\u2019 feet are washed in the sea. The Renesse fair should not be missed, and takes place every year around the church. This event is still held around 25th July, the \u2018name day\u2019 of Jacobus.<\/p>\n<p>In the summer season especially there are many events organised in Renesse.<\/p>\n<p><\/div><br \/>\n<div class=\"one_half fadeIn last_column\"><br \/>\n<a href=\"http:\/\/deherbergrenesse.nl\/wp-content\/uploads\/2017\/12\/800-schouwen.jpg\" data-rel=\"lightbox-gallery-0\" data-rl_title=\"\" data-rl_caption=\"\" title=\"\"><img loading=\"lazy\" decoding=\"async\" class=\"alignnone wp-image-316 size-thumbnail\" src=\"http:\/\/deherbergrenesse.nl\/wp-content\/uploads\/2017\/12\/800-schouwen-150x150.jpg\" alt=\"\" width=\"150\" height=\"150\" \/><\/a> <a href=\"http:\/\/deherbergrenesse.nl\/wp-content\/uploads\/2017\/12\/800-zeelandbrug2.jpg\" data-rel=\"lightbox-gallery-0\" data-rl_title=\"\" data-rl_caption=\"\" title=\"\"><img loading=\"lazy\" decoding=\"async\" class=\"alignnone wp-image-322 size-thumbnail\" src=\"http:\/\/deherbergrenesse.nl\/wp-content\/uploads\/2017\/12\/800-zeelandbrug2-150x150.jpg\" alt=\"\" width=\"150\" height=\"150\" \/><\/a> <img loading=\"lazy\" decoding=\"async\" class=\"alignnone wp-image-238 size-full\" src=\"http:\/\/deherbergrenesse.nl\/wp-content\/uploads\/2017\/11\/duin-150-150.jpg\" alt=\"\" width=\"150\" height=\"150\" \/> <img loading=\"lazy\" decoding=\"async\" class=\"alignnone wp-image-236 size-full\" src=\"http:\/\/deherbergrenesse.nl\/wp-content\/uploads\/2017\/11\/zee-150-150.jpg\" alt=\"\" width=\"150\" height=\"150\" \/> <a href=\"http:\/\/deherbergrenesse.nl\/wp-content\/uploads\/2017\/12\/800-zierikzee1.jpg\" data-rel=\"lightbox-gallery-0\" data-rl_title=\"\" data-rl_caption=\"\" title=\"\"><img loading=\"lazy\" decoding=\"async\" class=\"alignnone wp-image-313 size-thumbnail\" src=\"http:\/\/deherbergrenesse.nl\/wp-content\/uploads\/2017\/12\/800-zierikzee1-150x150.jpg\" alt=\"\" width=\"150\" height=\"150\" \/><\/a> <a href=\"http:\/\/deherbergrenesse.nl\/wp-content\/uploads\/2017\/12\/800-oosterscheldekering-3005_3005_0_xl.jpg\" data-rel=\"lightbox-gallery-0\" data-rl_title=\"\" data-rl_caption=\"\" title=\"\"><img loading=\"lazy\" decoding=\"async\" class=\"alignnone wp-image-308 size-thumbnail\" src=\"http:\/\/deherbergrenesse.nl\/wp-content\/uploads\/2017\/12\/800-oosterscheldekering-3005_3005_0_xl-150x150.jpg\" alt=\"\" width=\"150\" height=\"150\" \/><\/a> <a href=\"http:\/\/deherbergrenesse.nl\/wp-content\/uploads\/2017\/12\/800-westerschouwen1.jpg\" data-rel=\"lightbox-gallery-0\" data-rl_title=\"\" data-rl_caption=\"\" title=\"\"><img loading=\"lazy\" decoding=\"async\" class=\"alignnone wp-image-321 size-thumbnail\" src=\"http:\/\/deherbergrenesse.nl\/wp-content\/uploads\/2017\/12\/800-westerschouwen1-150x150.jpg\" alt=\"\" width=\"150\" height=\"150\" \/><\/a> <img loading=\"lazy\" decoding=\"async\" class=\"alignnone wp-image-237 size-full\" src=\"http:\/\/deherbergrenesse.nl\/wp-content\/uploads\/2017\/11\/zand-150-150.jpg\" alt=\"\" width=\"150\" height=\"150\" \/> <a href=\"http:\/\/deherbergrenesse.nl\/wp-content\/uploads\/2017\/12\/800-strand3.jpg\" data-rel=\"lightbox-gallery-0\" data-rl_title=\"\" data-rl_caption=\"\" title=\"\"><img loading=\"lazy\" decoding=\"async\" class=\"alignnone wp-image-312 size-thumbnail\" src=\"http:\/\/deherbergrenesse.nl\/wp-content\/uploads\/2017\/12\/800-strand3-150x150.jpg\" alt=\"\" width=\"150\" height=\"150\" \/><\/a><br \/>\n<\/div><div class=\"one_half fadeInRight last_column\"><\/p>\n<h4>Schouwen-Duiveland<\/h4>\n<p>Renesse is situated on the most northerly island of Zeeland: Schouwen-Duiveland, also known as the \u2018Crown of Zeeland\u2019. Schouwen-Duiveland is synonymous with kilometres of beaches bordering untouched dune areas. A beautiful area to explore on foot, by bicycle, on horseback or by boat. Renesse is home to one of the beaches with the cleanest seawater on the Dutch coast. A charming environment to visit during both the winter and summer months.<\/p>\n<p>Schouwen-Duiveland is surrounded by the North Sea, Oosterschelde National Park and the Grevelingen and is therefore inextricably linked to the sea. This can also be seen throughout history at, for example, the Watersnoodmuseum and the Oosterscheldekering. Here, a bridge is literally created between the past and the present. The water offers plenty of entertainment in addition to excitement. The island is particularly popular because of the wide range of water sports available, but also because of the beautiful dune areas where bird lovers, hikers, cyclists and other athletes can thoroughly enjoy themselves.<\/p>\n<p>Schouwen-Duiveland appears in the top 10 list of Dutch heritage areas and is certainly worth exploring.<\/p>\n<p><span style=\"color: #ffffff;\">&#8211;<\/span><\/p>\n<p>&nbsp;<\/p>\n<p><\/div><br \/>\n<div class=\"one_half fadeIn last_column\"><br \/>\n<a href=\"http:\/\/deherbergrenesse.nl\/wp-content\/uploads\/2017\/12\/800-kaart.jpg\" data-rel=\"lightbox-gallery-0\" data-rl_title=\"\" data-rl_caption=\"\" title=\"\"><img loading=\"lazy\" decoding=\"async\" class=\"alignnone wp-image-314 size-thumbnail\" src=\"http:\/\/deherbergrenesse.nl\/wp-content\/uploads\/2017\/12\/800-kaart-150x150.jpg\" alt=\"\" width=\"150\" height=\"150\" \/><\/a> <img loading=\"lazy\" decoding=\"async\" class=\"alignnone wp-image-236 size-full\" src=\"http:\/\/deherbergrenesse.nl\/wp-content\/uploads\/2017\/11\/zee-150-150.jpg\" alt=\"\" width=\"150\" height=\"150\" \/> <a href=\"http:\/\/deherbergrenesse.nl\/wp-content\/uploads\/2017\/12\/800-Oosterscheldekering_jpg-700.jpg\" data-rel=\"lightbox-gallery-0\" data-rl_title=\"\" data-rl_caption=\"\" title=\"\"><img loading=\"lazy\" decoding=\"async\" class=\"alignnone wp-image-307 size-thumbnail\" src=\"http:\/\/deherbergrenesse.nl\/wp-content\/uploads\/2017\/12\/800-Oosterscheldekering_jpg-700-150x150.jpg\" alt=\"\" width=\"150\" height=\"150\" \/><\/a> <a href=\"http:\/\/deherbergrenesse.nl\/wp-content\/uploads\/2017\/12\/winkelen-in-Goes.png\" data-rel=\"lightbox-gallery-0\" data-rl_title=\"\" data-rl_caption=\"\" title=\"\"><img loading=\"lazy\" decoding=\"async\" class=\"alignnone wp-image-325 size-thumbnail\" src=\"http:\/\/deherbergrenesse.nl\/wp-content\/uploads\/2017\/12\/winkelen-in-Goes-150x150.png\" alt=\"\" width=\"150\" height=\"150\" \/><\/a> <a href=\"http:\/\/deherbergrenesse.nl\/wp-content\/uploads\/2017\/12\/markt-in-middelburg.jpg\" data-rel=\"lightbox-gallery-0\" data-rl_title=\"\" data-rl_caption=\"\" title=\"\"><img loading=\"lazy\" decoding=\"async\" class=\"alignnone wp-image-326 size-thumbnail\" src=\"http:\/\/deherbergrenesse.nl\/wp-content\/uploads\/2017\/12\/markt-in-middelburg-150x150.jpg\" alt=\"\" width=\"150\" height=\"150\" \/><\/a> <img loading=\"lazy\" decoding=\"async\" class=\"alignnone wp-image-237 size-full\" src=\"http:\/\/deherbergrenesse.nl\/wp-content\/uploads\/2017\/11\/zand-150-150.jpg\" alt=\"\" width=\"150\" height=\"150\" \/> <a href=\"http:\/\/deherbergrenesse.nl\/wp-content\/uploads\/2017\/12\/800-Mosseldag-Yerseke1.jpg\" data-rel=\"lightbox-gallery-0\" data-rl_title=\"\" data-rl_caption=\"\" title=\"\"><img loading=\"lazy\" decoding=\"async\" class=\"alignnone wp-image-305 size-thumbnail\" src=\"http:\/\/deherbergrenesse.nl\/wp-content\/uploads\/2017\/12\/800-Mosseldag-Yerseke1-150x150.jpg\" alt=\"\" width=\"150\" height=\"150\" \/><\/a> <img loading=\"lazy\" decoding=\"async\" class=\"alignnone wp-image-238 size-full\" src=\"http:\/\/deherbergrenesse.nl\/wp-content\/uploads\/2017\/11\/duin-150-150.jpg\" alt=\"\" width=\"150\" height=\"150\" \/> <a href=\"http:\/\/deherbergrenesse.nl\/wp-content\/uploads\/2017\/12\/800-mosselen.jpg\" data-rel=\"lightbox-gallery-0\" data-rl_title=\"\" data-rl_caption=\"\" title=\"\"><img loading=\"lazy\" decoding=\"async\" class=\"alignnone wp-image-306 size-thumbnail\" src=\"http:\/\/deherbergrenesse.nl\/wp-content\/uploads\/2017\/12\/800-mosselen-150x150.jpg\" alt=\"\" width=\"150\" height=\"150\" \/><\/a><br \/>\n<\/div><br \/>\n<div class=\"one_half fadeInRight last_column\"><\/div><\/p>\n<h4>Zeeland<\/h4>\n<p>Extensive nature, heritage towns, the cleanest beaches in the Netherlands, a rich country life, picturesque villages, a fascinating history, the tastiest shellfish and a host of fun (water) attractions. This is Zeeland! This province has the most hours of sun in the Netherlands and is therefore perfect to visit as a holiday destination.<br \/>\n<span style=\"color: #ffffff;\">&#8211;<\/span><br \/>\nWind blowing through your hair on a bike, walking or on a surfboard. Discover Zeeland in your own special way. A pleasant sea breeze makes the summers sultry and the winters soft and the hundreds of kilometres of coast provide for a unique experience.<br \/>\n<span style=\"color: #ffffff;\">&#8211;<\/span><br \/>\nLook for refuge in the Zeeland hinterland or visit the flower dikes in the Zak van Zuid-Beveland, best seen in spring and early summer. Various routes take you to hidden villages such as Nisse, where you will still find elements that remind of times gone by, such as the \u2018vaete&#8217; (water hole). Also highly recommended: take a tour with a guide through the Verdronken Land van Saeftinghe, the largest salt marsh area in Europe.<br \/>\n<span style=\"color: #ffffff;\">&#8211;<\/span><br \/>\nWould you prefer to visit a city? The capital of Zeeland (Middelburg) has more monuments per square metre than Amsterdam and you will find boutique stores alongside the famous retail chains. &#8216;Ganzenstad&#8217; Goes is a good place to wander or alternatively shop in the Burgundian atmosphere of Zeeland-Flemish &#8216;Sl\u00fb\u00fbs&#8217;<br \/>\n<span style=\"color: #ffffff;\">&#8211;<\/span><br \/>\n<br \/>\nThe seven Michelin star restaurants are evidence that Zeeland is also a great culinary destination. Would you prefer a good pot of Zeeuwse mussels? These can be found almost everywhere throughout the entire province, for example at Neeltje Jans. Here you will also find the Deltapark Neeltje Jans, where you can read about, see and experience everything to do with the Delta Works. The highlight of Zeeland is a visit to the Oosterscheldekering. This is not called the eighth wonder of the world for nothing.<br \/>\nIn short, there is an endless amount to see and do, a holiday destination where you and the whole family can have fun for several weeks. Enjoy the outdoors during your holiday!<\/p>\n","protected":false},"excerpt":{"rendered":"<p>Zeeland Eine ausgestreckte Naturlandschaft, monumentale Kleinst\u00e4dte, die sch\u00f6nsten Str\u00e4nde von den Niederlanden, ein bl\u00fchendes Landleben, malerische kleine D\u00f6rfer, historische Ereignisse und die leckersten Schal \u2013 und Muscheltiere. Nicht zu vergessen sind unseren vielen (Wasser) Attraktionen.\u00a0Das ist typisch Zeeland, mit den meisten Sonnenstunden in den Niederlanden. Darum ist es auch perfekt als Urlaubsziel. . Mit den Haaren im Wind, auf dem Fahrrad, wandernd, oder auf dem Surfbrett.\u00a0Enddecken Sie Zeeland auf Ihre eigene Art und Weise. Ein angenehmer Seewind bringt Erfrischung im Sommer und milde Winter. . Suchen Sie die Ruhe im Zeeuwsen Hinterland oder besuchen Sie die Blumen Deiche in \u201eZuid&#8230; <\/p>\n","protected":false},"author":1,"featured_media":258,"parent":0,"menu_order":0,"comment_status":"closed","ping_status":"closed","template":"","meta":{"footnotes":""},"class_list":["post-108","page","type-page","status-publish","has-post-thumbnail","hentry"],"translation":{"provider":"WPGlobus","version":"3.0.2","language":"en","enabled_languages":["nl","en","de"],"languages":{"nl":{"title":true,"content":true,"excerpt":false},"en":{"title":true,"content":true,"excerpt":false},"de":{"title":true,"content":true,"excerpt":false}}},"yoast_head":"<!-- This site is optimized with the Yoast SEO plugin v27.5 - https:\/\/yoast.com\/product\/yoast-seo-wordpress\/ -->\n<title>Surroundings - De Herberg Renesse<\/title>\n<meta name=\"robots\" content=\"index, follow, max-snippet:-1, max-image-preview:large, max-video-preview:-1\" \/>\n<link rel=\"canonical\" href=\"https:\/\/deherbergrenesse.nl\/omgeving\/\" \/>\n<meta property=\"og:locale\" content=\"en_US\" \/>\n<meta property=\"og:type\" content=\"article\" \/>\n<meta property=\"og:title\" content=\"Surroundings - De Herberg Renesse\" \/>\n<meta property=\"og:url\" content=\"https:\/\/deherbergrenesse.nl\/omgeving\/\" \/>\n<meta property=\"og:site_name\" content=\"De Herberg Renesse\" \/>\n<meta property=\"article:modified_time\" content=\"2022-12-13T17:37:50+00:00\" \/>\n<meta property=\"og:image\" content=\"https:\/\/deherbergrenesse.nl\/wp-content\/uploads\/2017\/11\/duinovergang.jpg\" \/>\n\t<meta property=\"og:image:width\" content=\"1400\" \/>\n\t<meta property=\"og:image:height\" content=\"310\" \/>\n\t<meta property=\"og:image:type\" content=\"image\/jpeg\" \/>\n<meta name=\"twitter:card\" content=\"summary_large_image\" \/>\n<meta name=\"twitter:label1\" content=\"Est. reading time\" \/>\n\t<meta name=\"twitter:data1\" content=\"9 minutes\" \/>\n<script type=\"application\/ld+json\" class=\"yoast-schema-graph\">{\"@context\":\"https:\\\/\\\/schema.org\",\"@graph\":[{\"@type\":\"WebPage\",\"@id\":\"https:\\\/\\\/deherbergrenesse.nl\\\/omgeving\\\/\",\"url\":\"https:\\\/\\\/deherbergrenesse.nl\\\/omgeving\\\/\",\"name\":\"Surroundings - De Herberg Renesse\",\"isPartOf\":{\"@id\":\"https:\\\/\\\/deherbergrenesse.nl\\\/#website\"},\"primaryImageOfPage\":{\"@id\":\"https:\\\/\\\/deherbergrenesse.nl\\\/omgeving\\\/#primaryimage\"},\"image\":{\"@id\":\"https:\\\/\\\/deherbergrenesse.nl\\\/omgeving\\\/#primaryimage\"},\"thumbnailUrl\":\"https:\\\/\\\/deherbergrenesse.nl\\\/wp-content\\\/uploads\\\/2017\\\/11\\\/duinovergang.jpg\",\"datePublished\":\"2017-11-16T10:33:09+00:00\",\"dateModified\":\"2022-12-13T17:37:50+00:00\",\"breadcrumb\":{\"@id\":\"https:\\\/\\\/deherbergrenesse.nl\\\/omgeving\\\/#breadcrumb\"},\"inLanguage\":\"en-US\",\"potentialAction\":[{\"@type\":\"ReadAction\",\"target\":[\"https:\\\/\\\/deherbergrenesse.nl\\\/omgeving\\\/\"]}]},{\"@type\":\"ImageObject\",\"inLanguage\":\"en-US\",\"@id\":\"https:\\\/\\\/deherbergrenesse.nl\\\/omgeving\\\/#primaryimage\",\"url\":\"https:\\\/\\\/deherbergrenesse.nl\\\/wp-content\\\/uploads\\\/2017\\\/11\\\/duinovergang.jpg\",\"contentUrl\":\"https:\\\/\\\/deherbergrenesse.nl\\\/wp-content\\\/uploads\\\/2017\\\/11\\\/duinovergang.jpg\",\"width\":1400,\"height\":310},{\"@type\":\"BreadcrumbList\",\"@id\":\"https:\\\/\\\/deherbergrenesse.nl\\\/omgeving\\\/#breadcrumb\",\"itemListElement\":[{\"@type\":\"ListItem\",\"position\":1,\"name\":\"Home\",\"item\":\"https:\\\/\\\/deherbergrenesse.nl\\\/\"},{\"@type\":\"ListItem\",\"position\":2,\"name\":\"Omgeving\"}]},{\"@type\":\"WebSite\",\"@id\":\"https:\\\/\\\/deherbergrenesse.nl\\\/#website\",\"url\":\"https:\\\/\\\/deherbergrenesse.nl\\\/\",\"name\":\"De Herberg Renesse\",\"description\":\"\",\"potentialAction\":[{\"@type\":\"SearchAction\",\"target\":{\"@type\":\"EntryPoint\",\"urlTemplate\":\"https:\\\/\\\/deherbergrenesse.nl\\\/?s={search_term_string}\"},\"query-input\":{\"@type\":\"PropertyValueSpecification\",\"valueRequired\":true,\"valueName\":\"search_term_string\"}}],\"inLanguage\":\"en-US\"}]}<\/script>\n<!-- \/ Yoast SEO plugin. -->","yoast_head_json":{"title":"Surroundings - De Herberg Renesse","robots":{"index":"index","follow":"follow","max-snippet":"max-snippet:-1","max-image-preview":"max-image-preview:large","max-video-preview":"max-video-preview:-1"},"canonical":"https:\/\/deherbergrenesse.nl\/omgeving\/","og_locale":"en_US","og_type":"article","og_title":"Surroundings - De Herberg Renesse","og_url":"https:\/\/deherbergrenesse.nl\/omgeving\/","og_site_name":"De Herberg Renesse","article_modified_time":"2022-12-13T17:37:50+00:00","og_image":[{"width":1400,"height":310,"url":"https:\/\/deherbergrenesse.nl\/wp-content\/uploads\/2017\/11\/duinovergang.jpg","type":"image\/jpeg"}],"twitter_card":"summary_large_image","twitter_misc":{"Est. reading time":"9 minutes"},"schema":{"@context":"https:\/\/schema.org","@graph":[{"@type":"WebPage","@id":"https:\/\/deherbergrenesse.nl\/omgeving\/","url":"https:\/\/deherbergrenesse.nl\/omgeving\/","name":"Surroundings - De Herberg Renesse","isPartOf":{"@id":"https:\/\/deherbergrenesse.nl\/#website"},"primaryImageOfPage":{"@id":"https:\/\/deherbergrenesse.nl\/omgeving\/#primaryimage"},"image":{"@id":"https:\/\/deherbergrenesse.nl\/omgeving\/#primaryimage"},"thumbnailUrl":"https:\/\/deherbergrenesse.nl\/wp-content\/uploads\/2017\/11\/duinovergang.jpg","datePublished":"2017-11-16T10:33:09+00:00","dateModified":"2022-12-13T17:37:50+00:00","breadcrumb":{"@id":"https:\/\/deherbergrenesse.nl\/omgeving\/#breadcrumb"},"inLanguage":"en-US","potentialAction":[{"@type":"ReadAction","target":["https:\/\/deherbergrenesse.nl\/omgeving\/"]}]},{"@type":"ImageObject","inLanguage":"en-US","@id":"https:\/\/deherbergrenesse.nl\/omgeving\/#primaryimage","url":"https:\/\/deherbergrenesse.nl\/wp-content\/uploads\/2017\/11\/duinovergang.jpg","contentUrl":"https:\/\/deherbergrenesse.nl\/wp-content\/uploads\/2017\/11\/duinovergang.jpg","width":1400,"height":310},{"@type":"BreadcrumbList","@id":"https:\/\/deherbergrenesse.nl\/omgeving\/#breadcrumb","itemListElement":[{"@type":"ListItem","position":1,"name":"Home","item":"https:\/\/deherbergrenesse.nl\/"},{"@type":"ListItem","position":2,"name":"Omgeving"}]},{"@type":"WebSite","@id":"https:\/\/deherbergrenesse.nl\/#website","url":"https:\/\/deherbergrenesse.nl\/","name":"De Herberg Renesse","description":"","potentialAction":[{"@type":"SearchAction","target":{"@type":"EntryPoint","urlTemplate":"https:\/\/deherbergrenesse.nl\/?s={search_term_string}"},"query-input":{"@type":"PropertyValueSpecification","valueRequired":true,"valueName":"search_term_string"}}],"inLanguage":"en-US"}]}},"_links":{"self":[{"href":"https:\/\/deherbergrenesse.nl\/en\/wp-json\/wp\/v2\/pages\/108","targetHints":{"allow":["GET"]}}],"collection":[{"href":"https:\/\/deherbergrenesse.nl\/en\/wp-json\/wp\/v2\/pages"}],"about":[{"href":"https:\/\/deherbergrenesse.nl\/en\/wp-json\/wp\/v2\/types\/page"}],"author":[{"embeddable":true,"href":"https:\/\/deherbergrenesse.nl\/en\/wp-json\/wp\/v2\/users\/1"}],"replies":[{"embeddable":true,"href":"https:\/\/deherbergrenesse.nl\/en\/wp-json\/wp\/v2\/comments?post=108"}],"version-history":[{"count":53,"href":"https:\/\/deherbergrenesse.nl\/en\/wp-json\/wp\/v2\/pages\/108\/revisions"}],"predecessor-version":[{"id":649,"href":"https:\/\/deherbergrenesse.nl\/en\/wp-json\/wp\/v2\/pages\/108\/revisions\/649"}],"wp:featuredmedia":[{"embeddable":true,"href":"https:\/\/deherbergrenesse.nl\/en\/wp-json\/wp\/v2\/media\/258"}],"wp:attachment":[{"href":"https:\/\/deherbergrenesse.nl\/en\/wp-json\/wp\/v2\/media?parent=108"}],"curies":[{"name":"wp","href":"https:\/\/api.w.org\/{rel}","templated":true}]}}